{"id":1032,"date":"2022-01-06T16:33:37","date_gmt":"2022-01-06T15:33:37","guid":{"rendered":"https:\/\/rebbz-nord.hamburg.de\/?page_id=1032"},"modified":"2024-06-12T11:55:57","modified_gmt":"2024-06-12T09:55:57","slug":"dreifuereins","status":"publish","type":"page","link":"https:\/\/rebbz-nord.hamburg.de\/?page_id=1032","title":{"rendered":"DreiF\u00fcrEins"},"content":{"rendered":"<p style=\"text-align: justify\"><strong>DreiF\u00fcrEins <img loading=\"lazy\" decoding=\"async\" class=\" wp-image-1571 alignright\" src=\"https:\/\/rebbz-nord.hamburg.de\/wp-content\/uploads\/sites\/673\/2024\/06\/3fuer1-300x184.jpg\" alt=\"\" width=\"209\" height=\"128\" srcset=\"https:\/\/rebbz-nord.hamburg.de\/wp-content\/uploads\/sites\/673\/2024\/06\/3fuer1-300x184.jpg 300w, https:\/\/rebbz-nord.hamburg.de\/wp-content\/uploads\/sites\/673\/2024\/06\/3fuer1.jpg 465w\" sizes=\"auto, (max-width: 209px) 100vw, 209px\" \/>\u2013 Hilfen aus einer Hand \u2013 ein innovatives und zukunftweisendes Versorgungsangebot f\u00fcr die Kinder und Jugendlichen unserer Stadt wird fortgesetzt.<\/strong><\/p>\n<p style=\"text-align: justify\">In Hamburg ist ein wichtiger Schritt f\u00fcr die Verbesserung der psychischen Gesundheit von Kindern und Jugendlichen getan worden, die in die bestehenden Behandlungsstrukturen nicht hineinfinden und keine ad\u00e4quate Hilfe erhalten: Die Projektpartner des Innovationsfondsprojekts Dreif\u00fcrEins haben sich darauf verst\u00e4ndigt, die Versorgung im Leuchtturmprojekt auch nach Auslaufen der F\u00f6rderung durch den Innovationsfonds im Januar dieses Jahres mit eigenen Mitteln fortzusetzen. Diese Br\u00fcckenfinanzierung ist im Mai 2024 gestartet und dauert zun\u00e4chst bis Ende M\u00e4rz 2026. Beteiligt an dem Hamburger Leuchtturmprojekt sind die Abteilungen f\u00fcr Kinder- und Jugendpsychiatrie, -psychotherapie und -psychosomatik (KJPP) des Asklepios Klinikums Hamburg-Harburg und des Katholischen Kinderkrankenhauses Wilhelmstift gGmbH, die Beh\u00f6rde f\u00fcr Schule und Berufsbildung (BSB), die Hamburger Jugend\u00e4mter, die Krankenkassen Techniker Krankenkasse (TK), AOK Rheinland\/Hamburg \u2013 Die Gesundheitskasse, BARMER, DAK-Gesundheit, IKK classic, KNAPPSCHAFT, Mobil Krankenkasse sowie die Beh\u00f6rde f\u00fcr Arbeit, Gesundheit, Soziales, Familie und Integration (kurz: Sozialbeh\u00f6rde).<\/p>\n<figure id=\"attachment_1572\" aria-describedby=\"caption-attachment-1572\" style=\"width: 474px\" class=\"wp-caption alignnone\"><a href=\"https:\/\/youtu.be\/u8KhLB9d9mg?si=w5rA-Wq6oBuOchoU\" target=\"_blank\" rel=\"noopener\"><img loading=\"lazy\" decoding=\"async\" class=\"wp-image-1572 size-large\" src=\"https:\/\/rebbz-nord.hamburg.de\/wp-content\/uploads\/sites\/673\/2024\/06\/Bildschirmfoto-2024-06-12-um-09.19.15-1024x664.png\" alt=\"\" width=\"474\" height=\"307\" srcset=\"https:\/\/rebbz-nord.hamburg.de\/wp-content\/uploads\/sites\/673\/2024\/06\/Bildschirmfoto-2024-06-12-um-09.19.15-1024x664.png 1024w, https:\/\/rebbz-nord.hamburg.de\/wp-content\/uploads\/sites\/673\/2024\/06\/Bildschirmfoto-2024-06-12-um-09.19.15-300x195.png 300w, https:\/\/rebbz-nord.hamburg.de\/wp-content\/uploads\/sites\/673\/2024\/06\/Bildschirmfoto-2024-06-12-um-09.19.15-768x498.png 768w, https:\/\/rebbz-nord.hamburg.de\/wp-content\/uploads\/sites\/673\/2024\/06\/Bildschirmfoto-2024-06-12-um-09.19.15-1536x997.png 1536w, https:\/\/rebbz-nord.hamburg.de\/wp-content\/uploads\/sites\/673\/2024\/06\/Bildschirmfoto-2024-06-12-um-09.19.15.png 1686w\" sizes=\"auto, (max-width: 474px) 100vw, 474px\" \/><\/a><figcaption id=\"caption-attachment-1572\" class=\"wp-caption-text\">DreiF\u00fcrEins-Filmbeitrag<\/figcaption><\/figure>\n<p style=\"text-align: justify\">Einzelne Kinder und Jugendliche brauchen zeitweise mehr Unterst\u00fctzung als andere, um sich gesund zu entwickeln und erfolgreich an Bildung teilnehmen zu k\u00f6nnen. Das Versorgungsangebot DreiF\u00fcrEins hat sich zum Ziel gesetzt, nachhaltige Unterst\u00fctzungsstrukturen und niedrigschwellige Versorgungsangebote f\u00fcr Kinder und Jugendliche sowie deren Sorgeberechtigten zu schaffen. Dadurch werden Probleme fr\u00fch erkannt und niedrigschwellig Hilfen angeboten.<\/p>\n<p style=\"text-align: justify\">Damit dies gelingt, arbeiten die Hamburger Kinder- und Jugendpsychiatrien des Asklepios Klinikums Harburg und dem Katholischen Kinderkrankenhaus Wilhelmstift mit vier Regionalen Bildungs-, Beratungszentren in Altona, Altona West, Bergedorf und Wandsbek S\u00fcd sowie der Jugendhilfe eng zusammen. Durch diese Zusammenarbeit sowie die Unterst\u00fctzung der an der Versorgung beteiligten Krankenkassen ist es m\u00f6glich, gemeinsame und aufeinander abgestimmte Hilfen an einem Ort anzubieten und Unterst\u00fctzungs- und Therapieangebote an einem Ort stattfinden zu lassen. Durch dieses niedrigschwellige Angebot unterst\u00fctzen wir Kinder und Jugendliche in ihrer gesamten psychosozialen Entwicklung.<\/p>\n<p style=\"text-align: justify\"><img loading=\"lazy\" decoding=\"async\" class=\"alignnone wp-image-1571 size-full\" src=\"https:\/\/rebbz-nord.hamburg.de\/wp-content\/uploads\/sites\/673\/2024\/06\/3fuer1.jpg\" alt=\"\" width=\"465\" height=\"285\" srcset=\"https:\/\/rebbz-nord.hamburg.de\/wp-content\/uploads\/sites\/673\/2024\/06\/3fuer1.jpg 465w, https:\/\/rebbz-nord.hamburg.de\/wp-content\/uploads\/sites\/673\/2024\/06\/3fuer1-300x184.jpg 300w\" sizes=\"auto, (max-width: 465px) 100vw, 465px\" \/><\/p>\n","protected":false},"excerpt":{"rendered":"<p>DreiF\u00fcrEins \u2013 Hilfen aus einer Hand \u2013 ein innovatives und zukunftweisendes Versorgungsangebot f\u00fcr die Kinder und Jugendlichen unserer Stadt wird fortgesetzt. In Hamburg ist ein wichtiger Schritt f\u00fcr die Verbesserung der psychischen Gesundheit von Kindern und Jugendlichen getan worden, die in die bestehenden Behandlungsstrukturen nicht hineinfinden und keine ad\u00e4quate Hilfe erhalten: Die Projektpartner des Innovationsfondsprojekts &hellip; <a href=\"https:\/\/rebbz-nord.hamburg.de\/?page_id=1032\" class=\"more-link\"><span class=\"screen-reader-text\">DreiF\u00fcrEins<\/span> weiterlesen <span class=\"meta-nav\">&rarr;<\/span><\/a><\/p>\n","protected":false},"author":646,"featured_media":0,"parent":0,"menu_order":0,"comment_status":"closed","ping_status":"closed","template":"","meta":{"_acf_changed":false,"footnotes":""},"class_list":["post-1032","page","type-page","status-publish","hentry"],"acf":[],"_links":{"self":[{"href":"https:\/\/rebbz-nord.hamburg.de\/index.php?rest_route=\/wp\/v2\/pages\/1032","targetHints":{"allow":["GET"]}}],"collection":[{"href":"https:\/\/rebbz-nord.hamburg.de\/index.php?rest_route=\/wp\/v2\/pages"}],"about":[{"href":"https:\/\/rebbz-nord.hamburg.de\/index.php?rest_route=\/wp\/v2\/types\/page"}],"author":[{"embeddable":true,"href":"https:\/\/rebbz-nord.hamburg.de\/index.php?rest_route=\/wp\/v2\/users\/646"}],"replies":[{"embeddable":true,"href":"https:\/\/rebbz-nord.hamburg.de\/index.php?rest_route=%2Fwp%2Fv2%2Fcomments&post=1032"}],"version-history":[{"count":3,"href":"https:\/\/rebbz-nord.hamburg.de\/index.php?rest_route=\/wp\/v2\/pages\/1032\/revisions"}],"predecessor-version":[{"id":1575,"href":"https:\/\/rebbz-nord.hamburg.de\/index.php?rest_route=\/wp\/v2\/pages\/1032\/revisions\/1575"}],"wp:attachment":[{"href":"https:\/\/rebbz-nord.hamburg.de\/index.php?rest_route=%2Fwp%2Fv2%2Fmedia&parent=1032"}],"curies":[{"name":"wp","href":"https:\/\/api.w.org\/{rel}","templated":true}]}}