{"id":1193,"date":"2023-03-15T12:43:23","date_gmt":"2023-03-15T11:43:23","guid":{"rendered":"https:\/\/rebbz-nord.hamburg.de\/?page_id=1193"},"modified":"2023-03-15T12:46:03","modified_gmt":"2023-03-15T11:46:03","slug":"schnittstelle-inklusion","status":"publish","type":"page","link":"https:\/\/rebbz-nord.hamburg.de\/?page_id=1193","title":{"rendered":"Schnittstelle Inklusion"},"content":{"rendered":"<ol>\n<li>Aufgabenfeld:<br \/>\nDie Schnittstelle Inklusion unterst\u00fctzt die inklusive Arbeit in der allgemeinen Schule.<br \/>\nEs wird mit einzelnen Sch\u00fclerinnen und Sch\u00fclern sowie mit Klassensystemen gearbeitet. Die Ma\u00dfnahme enth\u00e4lt regelm\u00e4\u00dfige Beratungsgespr\u00e4che mit den P\u00e4dagoginnen und P\u00e4dagogen vor Ort, Teilnahme am Unterricht (Hospitation und gemeinsamer Unterricht), gemeinsame Reflexion sowie Entwicklung, Erweiterung und Implementierung von Handlungsm\u00f6glichkeiten.<br \/>\nDabei werden die vielf\u00e4ltigen schulischen und au\u00dferschulischen Unterst\u00fctzungsm\u00f6glichkeiten miteinbezogen.<\/li>\n<li>Aufgabenfeld:<br \/>\nDie Schnittstelle Inklusion begleitet Sch\u00fclerinnen und Sch\u00fclern beim \u00dcbergang aus der Bildungsabteilung des ReBBZ in das allgemeine Schulsystem.<\/li>\n<\/ol>\n","protected":false},"excerpt":{"rendered":"<p>Aufgabenfeld: Die Schnittstelle Inklusion unterst\u00fctzt die inklusive Arbeit in der allgemeinen Schule. Es wird mit einzelnen Sch\u00fclerinnen und Sch\u00fclern sowie mit Klassensystemen gearbeitet. Die Ma\u00dfnahme enth\u00e4lt regelm\u00e4\u00dfige Beratungsgespr\u00e4che mit den P\u00e4dagoginnen und P\u00e4dagogen vor Ort, Teilnahme am Unterricht (Hospitation und gemeinsamer Unterricht), gemeinsame Reflexion sowie Entwicklung, Erweiterung und Implementierung von Handlungsm\u00f6glichkeiten. Dabei werden die vielf\u00e4ltigen &hellip; <a href=\"https:\/\/rebbz-nord.hamburg.de\/?page_id=1193\" class=\"more-link\"><span class=\"screen-reader-text\">Schnittstelle Inklusion<\/span> weiterlesen <span class=\"meta-nav\">&rarr;<\/span><\/a><\/p>\n","protected":false},"author":1307,"featured_media":0,"parent":0,"menu_order":0,"comment_status":"closed","ping_status":"closed","template":"","meta":{"_acf_changed":false,"footnotes":""},"class_list":["post-1193","page","type-page","status-publish","hentry"],"acf":[],"_links":{"self":[{"href":"https:\/\/rebbz-nord.hamburg.de\/index.php?rest_route=\/wp\/v2\/pages\/1193","targetHints":{"allow":["GET"]}}],"collection":[{"href":"https:\/\/rebbz-nord.hamburg.de\/index.php?rest_route=\/wp\/v2\/pages"}],"about":[{"href":"https:\/\/rebbz-nord.hamburg.de\/index.php?rest_route=\/wp\/v2\/types\/page"}],"author":[{"embeddable":true,"href":"https:\/\/rebbz-nord.hamburg.de\/index.php?rest_route=\/wp\/v2\/users\/1307"}],"replies":[{"embeddable":true,"href":"https:\/\/rebbz-nord.hamburg.de\/index.php?rest_route=%2Fwp%2Fv2%2Fcomments&post=1193"}],"version-history":[{"count":2,"href":"https:\/\/rebbz-nord.hamburg.de\/index.php?rest_route=\/wp\/v2\/pages\/1193\/revisions"}],"predecessor-version":[{"id":1196,"href":"https:\/\/rebbz-nord.hamburg.de\/index.php?rest_route=\/wp\/v2\/pages\/1193\/revisions\/1196"}],"wp:attachment":[{"href":"https:\/\/rebbz-nord.hamburg.de\/index.php?rest_route=%2Fwp%2Fv2%2Fmedia&parent=1193"}],"curies":[{"name":"wp","href":"https:\/\/api.w.org\/{rel}","templated":true}]}}