{"id":1202,"date":"2023-03-23T14:20:05","date_gmt":"2023-03-23T13:20:05","guid":{"rendered":"https:\/\/rebbz-nord.hamburg.de\/?page_id=1202"},"modified":"2023-03-23T14:30:42","modified_gmt":"2023-03-23T13:30:42","slug":"angebote-kooperation","status":"publish","type":"page","link":"https:\/\/rebbz-nord.hamburg.de\/?page_id=1202","title":{"rendered":"Angebote \/ Kooperation"},"content":{"rendered":"<p>Am ReBBZ Nord werden in Kooperation folgende Angebote f\u00fcr unsere Sch\u00fclerinnen und Sch\u00fcler gemacht:<\/p>\n<p><a href=\"https:\/\/rebbz-nord.hamburg.de\/?page_id=794\">Ergotherapie<\/a><br \/>\n<a href=\"https:\/\/rebbz-nord.hamburg.de\/?page_id=776\">Logop\u00e4die<\/a><br \/>\n<a href=\"https:\/\/rebbz-nord.hamburg.de\/?page_id=1129\">Yoga f\u00fcr alle e.V<\/a><br \/>\n<a href=\"https:\/\/rebbz-nord.hamburg.de\/?page_id=1205\">Psychomotorik<\/a><br \/>\n<a href=\"https:\/\/boxschool.jimdo.com\/\" target=\"_blank\" rel=\"noopener\">Boxschool e.V.<\/a><\/p>\n<p>&nbsp;<\/p>\n<p>Informationen dazu finden Sie unter den jeweiligen Links.<\/p>\n","protected":false},"excerpt":{"rendered":"<p>Am ReBBZ Nord werden in Kooperation folgende Angebote f\u00fcr unsere Sch\u00fclerinnen und Sch\u00fcler gemacht: Ergotherapie Logop\u00e4die Yoga f\u00fcr alle e.V Psychomotorik Boxschool e.V. &nbsp; Informationen dazu finden Sie unter den jeweiligen Links.<\/p>\n","protected":false},"author":1307,"featured_media":0,"parent":0,"menu_order":0,"comment_status":"closed","ping_status":"closed","template":"","meta":{"_acf_changed":false,"footnotes":""},"class_list":["post-1202","page","type-page","status-publish","hentry"],"acf":[],"_links":{"self":[{"href":"https:\/\/rebbz-nord.hamburg.de\/index.php?rest_route=\/wp\/v2\/pages\/1202","targetHints":{"allow":["GET"]}}],"collection":[{"href":"https:\/\/rebbz-nord.hamburg.de\/index.php?rest_route=\/wp\/v2\/pages"}],"about":[{"href":"https:\/\/rebbz-nord.hamburg.de\/index.php?rest_route=\/wp\/v2\/types\/page"}],"author":[{"embeddable":true,"href":"https:\/\/rebbz-nord.hamburg.de\/index.php?rest_route=\/wp\/v2\/users\/1307"}],"replies":[{"embeddable":true,"href":"https:\/\/rebbz-nord.hamburg.de\/index.php?rest_route=%2Fwp%2Fv2%2Fcomments&post=1202"}],"version-history":[{"count":6,"href":"https:\/\/rebbz-nord.hamburg.de\/index.php?rest_route=\/wp\/v2\/pages\/1202\/revisions"}],"predecessor-version":[{"id":1212,"href":"https:\/\/rebbz-nord.hamburg.de\/index.php?rest_route=\/wp\/v2\/pages\/1202\/revisions\/1212"}],"wp:attachment":[{"href":"https:\/\/rebbz-nord.hamburg.de\/index.php?rest_route=%2Fwp%2Fv2%2Fmedia&parent=1202"}],"curies":[{"name":"wp","href":"https:\/\/api.w.org\/{rel}","templated":true}]}}