{"id":1205,"date":"2023-03-23T14:16:59","date_gmt":"2023-03-23T13:16:59","guid":{"rendered":"https:\/\/rebbz-nord.hamburg.de\/?page_id=1205"},"modified":"2023-03-23T14:16:59","modified_gmt":"2023-03-23T13:16:59","slug":"psychomotorik-2","status":"publish","type":"page","link":"https:\/\/rebbz-nord.hamburg.de\/?page_id=1205","title":{"rendered":"Psychomotorik"},"content":{"rendered":"<p>In der Psychomotorik, auch am ReBBZ Nord, steht das F\u00f6rdern von Sinneserfahrungen durch vielf\u00e4ltige Spiele und Aufbauangebote im Vordergrund. Bewegungslandschaften beinhalten z.B.: Schaukeln, so wie Balancier- und Kletterm\u00f6glichkeiten in unterschiedlichen H\u00f6hen. Freiwilligkeit und Mitbestimmung werden ernst genommen. Ideen und W\u00fcnsche der Kinder werden aufgegriffen und eingebunden, so dass Selbstst\u00e4ndigkeit, Eigeninitiative und Kreativit\u00e4t gef\u00f6rdert werden. Den Rahmen bilden wenige erforderliche Regeln und Grenzen.<\/p>\n","protected":false},"excerpt":{"rendered":"<p>In der Psychomotorik, auch am ReBBZ Nord, steht das F\u00f6rdern von Sinneserfahrungen durch vielf\u00e4ltige Spiele und Aufbauangebote im Vordergrund. Bewegungslandschaften beinhalten z.B.: Schaukeln, so wie Balancier- und Kletterm\u00f6glichkeiten in unterschiedlichen H\u00f6hen. Freiwilligkeit und Mitbestimmung werden ernst genommen. Ideen und W\u00fcnsche der Kinder werden aufgegriffen und eingebunden, so dass Selbstst\u00e4ndigkeit, Eigeninitiative und Kreativit\u00e4t gef\u00f6rdert werden. Den &hellip; <a href=\"https:\/\/rebbz-nord.hamburg.de\/?page_id=1205\" class=\"more-link\"><span class=\"screen-reader-text\">Psychomotorik<\/span> weiterlesen <span class=\"meta-nav\">&rarr;<\/span><\/a><\/p>\n","protected":false},"author":1307,"featured_media":0,"parent":0,"menu_order":0,"comment_status":"closed","ping_status":"closed","template":"","meta":{"_acf_changed":false,"footnotes":""},"class_list":["post-1205","page","type-page","status-publish","hentry"],"acf":[],"_links":{"self":[{"href":"https:\/\/rebbz-nord.hamburg.de\/index.php?rest_route=\/wp\/v2\/pages\/1205","targetHints":{"allow":["GET"]}}],"collection":[{"href":"https:\/\/rebbz-nord.hamburg.de\/index.php?rest_route=\/wp\/v2\/pages"}],"about":[{"href":"https:\/\/rebbz-nord.hamburg.de\/index.php?rest_route=\/wp\/v2\/types\/page"}],"author":[{"embeddable":true,"href":"https:\/\/rebbz-nord.hamburg.de\/index.php?rest_route=\/wp\/v2\/users\/1307"}],"replies":[{"embeddable":true,"href":"https:\/\/rebbz-nord.hamburg.de\/index.php?rest_route=%2Fwp%2Fv2%2Fcomments&post=1205"}],"version-history":[{"count":1,"href":"https:\/\/rebbz-nord.hamburg.de\/index.php?rest_route=\/wp\/v2\/pages\/1205\/revisions"}],"predecessor-version":[{"id":1206,"href":"https:\/\/rebbz-nord.hamburg.de\/index.php?rest_route=\/wp\/v2\/pages\/1205\/revisions\/1206"}],"wp:attachment":[{"href":"https:\/\/rebbz-nord.hamburg.de\/index.php?rest_route=%2Fwp%2Fv2%2Fmedia&parent=1205"}],"curies":[{"name":"wp","href":"https:\/\/api.w.org\/{rel}","templated":true}]}}