{"id":1229,"date":"2023-04-12T13:43:06","date_gmt":"2023-04-12T11:43:06","guid":{"rendered":"https:\/\/rebbz-nord.hamburg.de\/?page_id=1229"},"modified":"2023-04-12T13:46:11","modified_gmt":"2023-04-12T11:46:11","slug":"autismusberatung","status":"publish","type":"page","link":"https:\/\/rebbz-nord.hamburg.de\/?page_id=1229","title":{"rendered":"Autismusberatung"},"content":{"rendered":"<p>Unser ReBBZ verf\u00fcgt \u00fcber eine Autismusberatung, die durch speziell ausgebildete Lehrkr\u00e4fte vertreten wird. Diese Lehrkr\u00e4fte sind am ReBBZ, wie auch an den umkreisenden Schulen f\u00fcr diesen speziellen Fachbereich zust\u00e4ndig. Zu ihren Aufgaben geh\u00f6ren, das Erstellen eines sonderp\u00e4dagogischen Gutachtens, die Beratung anderer Lehrkr\u00e4fte f\u00fcr den Unterricht, die Begleitung der einzelnen Sch\u00fclerinnen und Sch\u00fcler an den umliegenden Schulen, wie auch das Erstellen eines sonderp\u00e4dagogischen F\u00f6rderplans f\u00fcr diese Sch\u00fclerinnen und Sch\u00fcler. Zudem fungieren sie als Bindeglied zwischen den unterschiedlichen Institutionen.<\/p>\n","protected":false},"excerpt":{"rendered":"<p>Unser ReBBZ verf\u00fcgt \u00fcber eine Autismusberatung, die durch speziell ausgebildete Lehrkr\u00e4fte vertreten wird. Diese Lehrkr\u00e4fte sind am ReBBZ, wie auch an den umkreisenden Schulen f\u00fcr diesen speziellen Fachbereich zust\u00e4ndig. Zu ihren Aufgaben geh\u00f6ren, das Erstellen eines sonderp\u00e4dagogischen Gutachtens, die Beratung anderer Lehrkr\u00e4fte f\u00fcr den Unterricht, die Begleitung der einzelnen Sch\u00fclerinnen und Sch\u00fcler an den umliegenden &hellip; <a href=\"https:\/\/rebbz-nord.hamburg.de\/?page_id=1229\" class=\"more-link\"><span class=\"screen-reader-text\">Autismusberatung<\/span> weiterlesen <span class=\"meta-nav\">&rarr;<\/span><\/a><\/p>\n","protected":false},"author":1307,"featured_media":0,"parent":0,"menu_order":0,"comment_status":"closed","ping_status":"closed","template":"","meta":{"_acf_changed":false,"footnotes":""},"class_list":["post-1229","page","type-page","status-publish","hentry"],"acf":[],"_links":{"self":[{"href":"https:\/\/rebbz-nord.hamburg.de\/index.php?rest_route=\/wp\/v2\/pages\/1229","targetHints":{"allow":["GET"]}}],"collection":[{"href":"https:\/\/rebbz-nord.hamburg.de\/index.php?rest_route=\/wp\/v2\/pages"}],"about":[{"href":"https:\/\/rebbz-nord.hamburg.de\/index.php?rest_route=\/wp\/v2\/types\/page"}],"author":[{"embeddable":true,"href":"https:\/\/rebbz-nord.hamburg.de\/index.php?rest_route=\/wp\/v2\/users\/1307"}],"replies":[{"embeddable":true,"href":"https:\/\/rebbz-nord.hamburg.de\/index.php?rest_route=%2Fwp%2Fv2%2Fcomments&post=1229"}],"version-history":[{"count":2,"href":"https:\/\/rebbz-nord.hamburg.de\/index.php?rest_route=\/wp\/v2\/pages\/1229\/revisions"}],"predecessor-version":[{"id":1232,"href":"https:\/\/rebbz-nord.hamburg.de\/index.php?rest_route=\/wp\/v2\/pages\/1229\/revisions\/1232"}],"wp:attachment":[{"href":"https:\/\/rebbz-nord.hamburg.de\/index.php?rest_route=%2Fwp%2Fv2%2Fmedia&parent=1229"}],"curies":[{"name":"wp","href":"https:\/\/api.w.org\/{rel}","templated":true}]}}