{"id":1286,"date":"2023-04-20T14:56:34","date_gmt":"2023-04-20T12:56:34","guid":{"rendered":"https:\/\/rebbz-nord.hamburg.de\/?page_id=1286"},"modified":"2023-04-20T14:56:34","modified_gmt":"2023-04-20T12:56:34","slug":"beratungsraum","status":"publish","type":"page","link":"https:\/\/rebbz-nord.hamburg.de\/?page_id=1286","title":{"rendered":"Beratungsraum"},"content":{"rendered":"<p><span class=\"s3\">Die T\u00fcr des Beratungsraumes steht allen Sch\u00fclerinnen und Sch\u00fclern offen. Hier finden sie die M\u00f6glichkeit \u2013 in wertsch\u00e4tzender, vertrauensvoller und ruhiger Atmosph\u00e4re \u2013 eigene inner- und au\u00dferschulische Themen anzusprechen. Dies gilt sowohl in akuten Krisen als auch bei dem einfachen Bed\u00fcrfnis mit jemandem zu sprechen, um sich Rat und Hilfe zu holen und gemeinsam nach L\u00f6sungen zu suchen. Auch Eltern und andere Sorgeberechtigte des Standorts haben die M\u00f6glichkeit, Gespr\u00e4che im Beratungsraum zu unterschiedlichen Themen wahrzunehmen, um gemeinsam die Lebenswelt der Sch\u00fclerinnen und Sch\u00fcler zu reflektieren und zu deren Verbesserung beizutragen. <\/span><span class=\"s3\">Der Fokus liegt auf einer <\/span><span class=\"s3\">partnerschaftlichen Zusammenarbeit an demselben Ziel: dem Wohl des Kindes.<\/span><\/p>\n<p><span class=\"s3\">Frau Behr leitet als Sozialp\u00e4dagogin den Beratungsraum und ist jeder Zeit ansprechbar. Alle Gespr\u00e4che sind absolut vertraulich.<\/span><\/p>\n<p><span class=\"s3\">Auch Konflikte und deren Kl\u00e4rungsgespr\u00e4che finden im Beratungsraum ihren Platz \u2013 sowohl bei Vorf\u00e4llen unter Mitsch\u00fclerinnen und Mitsch\u00fclern als auch bei denen zwischen Sch\u00fclerinnen\/Sch\u00fclern und Fachkr\u00e4ften. Ziel ist ein respektvoller, achtsamer und gewaltfreier Umgang miteinander, um Schule als sicheren und positiven Ort zu erleben. So k\u00f6nnen auch Fachkr\u00e4fte ihre Anliegen einbringen, um im Rahmen einer Fachberatung einen multiprofessionellen Blick auf einzelne Sachverhalte<\/span><span class=\"s3\"> zu<\/span><span class=\"s3\"> legen. <\/span><span class=\"s3\">Mit dieser Arbeit<\/span><span class=\"s3\"> wir<\/span><span class=\"s3\">d<\/span><span class=\"s3\">individuell <\/span><span class=\"s3\">ein freundliches und respektvoll<\/span><span class=\"s3\">es Miteinander an unserer Schule gef\u00f6rdert.<\/span><\/p>\n","protected":false},"excerpt":{"rendered":"<p>Die T\u00fcr des Beratungsraumes steht allen Sch\u00fclerinnen und Sch\u00fclern offen. Hier finden sie die M\u00f6glichkeit \u2013 in wertsch\u00e4tzender, vertrauensvoller und ruhiger Atmosph\u00e4re \u2013 eigene inner- und au\u00dferschulische Themen anzusprechen. Dies gilt sowohl in akuten Krisen als auch bei dem einfachen Bed\u00fcrfnis mit jemandem zu sprechen, um sich Rat und Hilfe zu holen und gemeinsam nach &hellip; <a href=\"https:\/\/rebbz-nord.hamburg.de\/?page_id=1286\" class=\"more-link\"><span class=\"screen-reader-text\">Beratungsraum<\/span> weiterlesen <span class=\"meta-nav\">&rarr;<\/span><\/a><\/p>\n","protected":false},"author":1307,"featured_media":0,"parent":0,"menu_order":0,"comment_status":"closed","ping_status":"closed","template":"","meta":{"_acf_changed":false,"footnotes":""},"class_list":["post-1286","page","type-page","status-publish","hentry"],"acf":[],"_links":{"self":[{"href":"https:\/\/rebbz-nord.hamburg.de\/index.php?rest_route=\/wp\/v2\/pages\/1286","targetHints":{"allow":["GET"]}}],"collection":[{"href":"https:\/\/rebbz-nord.hamburg.de\/index.php?rest_route=\/wp\/v2\/pages"}],"about":[{"href":"https:\/\/rebbz-nord.hamburg.de\/index.php?rest_route=\/wp\/v2\/types\/page"}],"author":[{"embeddable":true,"href":"https:\/\/rebbz-nord.hamburg.de\/index.php?rest_route=\/wp\/v2\/users\/1307"}],"replies":[{"embeddable":true,"href":"https:\/\/rebbz-nord.hamburg.de\/index.php?rest_route=%2Fwp%2Fv2%2Fcomments&post=1286"}],"version-history":[{"count":1,"href":"https:\/\/rebbz-nord.hamburg.de\/index.php?rest_route=\/wp\/v2\/pages\/1286\/revisions"}],"predecessor-version":[{"id":1288,"href":"https:\/\/rebbz-nord.hamburg.de\/index.php?rest_route=\/wp\/v2\/pages\/1286\/revisions\/1288"}],"wp:attachment":[{"href":"https:\/\/rebbz-nord.hamburg.de\/index.php?rest_route=%2Fwp%2Fv2%2Fmedia&parent=1286"}],"curies":[{"name":"wp","href":"https:\/\/api.w.org\/{rel}","templated":true}]}}