{"id":1299,"date":"2023-04-26T11:44:39","date_gmt":"2023-04-26T09:44:39","guid":{"rendered":"https:\/\/rebbz-nord.hamburg.de\/?page_id=1299"},"modified":"2023-04-26T11:44:39","modified_gmt":"2023-04-26T09:44:39","slug":"temporaere-lerngruppe-tlg-rueckenwind","status":"publish","type":"page","link":"https:\/\/rebbz-nord.hamburg.de\/?page_id=1299","title":{"rendered":"Tempor\u00e4re Lerngruppe &#8211; TLG R\u00dcCKENWIND"},"content":{"rendered":"<p>Tempor\u00e4re Lerngruppen sind Kooperationsprojekte von Jugendhilfe und Schule, in denen Kinder und Jugendliche mit \u201eherausforderndem Verhalten\u201c \u00fcbergangsweise in Kleingruppen unterrichtet werden.<\/p>\n<p>Ziel ist die Reintegration in das allgemeine Schulsystem. Der Grund f\u00fcr die Aufnahme kann zum einen eine gravierende Lern- und Verhaltensproblematik sein, die ein erfolgreiches Lernen in einer Regelschulklasse aktuell nicht m\u00f6glich macht.<\/p>\n<p>Zum anderen werden Sch\u00fclerinnen und\/oder Sch\u00fcler aufgenommen, die durch andauernde Schulverweigerung oder Absentismus auffallen und durch andere Ma\u00dfnahmen nicht erreicht werden k\u00f6nnen.<\/p>\n<p>In den Lerngruppen arbeiten Lehrkr\u00e4fte und Sozialp\u00e4dagoginnen und Sozialp\u00e4dagogen in einem multiprofessionellen Team zusammen. Ziel ist es, schulische L\u00fccken aufzuarbeiten und f\u00f6rderliche Arbeitshaltungen zu entwickeln und zu trainieren. In Einzel- und Familienarbeit werden individuelle Problemlagen bearbeitet und Hilfsangebote vernetzt. Regelhaft wird mit den jeweiligen Abteilungen des Allgemeinen Sozialen Dienstes (ASD) zusammengearbeitet.<\/p>\n<p>Unsere Tempor\u00e4re Lerngruppe \u201eR\u00fcckenwind\u201c, die wir gemeinsam mit Sozialarbeit im Norden (<a href=\"https:\/\/www.sozialarbeit-im-norden.de\/\">https:\/\/www.sozialarbeit-im-norden.de\/<\/a>) gestalten, wird von 6 Sch\u00fclerinnen und Sch\u00fclern der Klassenstufen 1 bis 4 besucht.<\/p>\n<p>Der Zugang erfolgt \u00fcber die Schulen, den ASD oder das ReBBZ, die Bereitschaft und Mitarbeit der Sorgeberechtigten ist zwingend erforderlich.<\/p>\n","protected":false},"excerpt":{"rendered":"<p>Tempor\u00e4re Lerngruppen sind Kooperationsprojekte von Jugendhilfe und Schule, in denen Kinder und Jugendliche mit \u201eherausforderndem Verhalten\u201c \u00fcbergangsweise in Kleingruppen unterrichtet werden. Ziel ist die Reintegration in das allgemeine Schulsystem. Der Grund f\u00fcr die Aufnahme kann zum einen eine gravierende Lern- und Verhaltensproblematik sein, die ein erfolgreiches Lernen in einer Regelschulklasse aktuell nicht m\u00f6glich macht. Zum &hellip; <a href=\"https:\/\/rebbz-nord.hamburg.de\/?page_id=1299\" class=\"more-link\"><span class=\"screen-reader-text\">Tempor\u00e4re Lerngruppe &#8211; TLG R\u00dcCKENWIND<\/span> weiterlesen <span class=\"meta-nav\">&rarr;<\/span><\/a><\/p>\n","protected":false},"author":1307,"featured_media":0,"parent":0,"menu_order":0,"comment_status":"closed","ping_status":"closed","template":"","meta":{"_acf_changed":false,"footnotes":""},"class_list":["post-1299","page","type-page","status-publish","hentry"],"acf":[],"_links":{"self":[{"href":"https:\/\/rebbz-nord.hamburg.de\/index.php?rest_route=\/wp\/v2\/pages\/1299","targetHints":{"allow":["GET"]}}],"collection":[{"href":"https:\/\/rebbz-nord.hamburg.de\/index.php?rest_route=\/wp\/v2\/pages"}],"about":[{"href":"https:\/\/rebbz-nord.hamburg.de\/index.php?rest_route=\/wp\/v2\/types\/page"}],"author":[{"embeddable":true,"href":"https:\/\/rebbz-nord.hamburg.de\/index.php?rest_route=\/wp\/v2\/users\/1307"}],"replies":[{"embeddable":true,"href":"https:\/\/rebbz-nord.hamburg.de\/index.php?rest_route=%2Fwp%2Fv2%2Fcomments&post=1299"}],"version-history":[{"count":1,"href":"https:\/\/rebbz-nord.hamburg.de\/index.php?rest_route=\/wp\/v2\/pages\/1299\/revisions"}],"predecessor-version":[{"id":1301,"href":"https:\/\/rebbz-nord.hamburg.de\/index.php?rest_route=\/wp\/v2\/pages\/1299\/revisions\/1301"}],"wp:attachment":[{"href":"https:\/\/rebbz-nord.hamburg.de\/index.php?rest_route=%2Fwp%2Fv2%2Fmedia&parent=1299"}],"curies":[{"name":"wp","href":"https:\/\/api.w.org\/{rel}","templated":true}]}}