{"id":1329,"date":"2023-07-03T17:07:28","date_gmt":"2023-07-03T15:07:28","guid":{"rendered":"https:\/\/rebbz-nord.hamburg.de\/?page_id=1329"},"modified":"2024-02-15T18:52:46","modified_gmt":"2024-02-15T17:52:46","slug":"schulgarten","status":"publish","type":"page","link":"https:\/\/rebbz-nord.hamburg.de\/?page_id=1329","title":{"rendered":"Schulgarten"},"content":{"rendered":"<p><span id=\"page11R_mcid2\" class=\"markedContent\"><span dir=\"ltr\" role=\"presentation\">In der Bildungsabteilung des ReBBZ Nord <\/span><\/span><span id=\"page11R_mcid10\" class=\"markedContent\"><span dir=\"ltr\" role=\"presentation\">haben es sich d<\/span><\/span><span id=\"page11R_mcid18\" class=\"markedContent\"><span dir=\"ltr\" role=\"presentation\">ie Klassen VSK, 4, 5, 6, und 7 <\/span><\/span><span id=\"page11R_mcid19\" class=\"markedContent\"><span dir=\"ltr\" role=\"presentation\">&nbsp;zur Aufgabe gemacht, den <\/span><\/span><span id=\"page11R_mcid20\" class=\"markedContent\"><span dir=\"ltr\" role=\"presentation\">vernachl\u00e4ssigten Schulgarten wiederzubeleben und so zu gestalten, dass<\/span><\/span><span id=\"page11R_mcid21\" class=\"markedContent\"><br role=\"presentation\"><span dir=\"ltr\" role=\"presentation\">Menschen und Tiere ihn gleicherma\u00dfen genie\u00dfen und nutzen k\u00f6nnen.<\/span><\/span><\/p>\n<p><img loading=\"lazy\" decoding=\"async\" class=\"alignnone size-medium wp-image-1330\" src=\"https:\/\/rebbz-nord.hamburg.de\/wp-content\/uploads\/sites\/673\/2023\/07\/Blumen-289x300.png\" alt=\"\" width=\"289\" height=\"300\" srcset=\"https:\/\/rebbz-nord.hamburg.de\/wp-content\/uploads\/sites\/673\/2023\/07\/Blumen-289x300.png 289w, https:\/\/rebbz-nord.hamburg.de\/wp-content\/uploads\/sites\/673\/2023\/07\/Blumen.png 629w\" sizes=\"auto, (max-width: 289px) 100vw, 289px\" \/> &nbsp;<\/p>\n<p>Mit unserem Konzept haben wir uns bei der Loki-Schmidt-Stiftung beworben!<a href=\"https:\/\/rebbz-nord.hamburg.de\/wp-content\/uploads\/sites\/673\/2024\/02\/Schulgarten-am-ReBBZ-Nord-Konzept.pdf\" target=\"_blank\" rel=\"noopener\"> Schulgarten Konzept ReBBZ Nord<\/a><\/p>\n<p><img loading=\"lazy\" decoding=\"async\" class=\"alignnone size-medium wp-image-1520\" src=\"https:\/\/rebbz-nord.hamburg.de\/wp-content\/uploads\/sites\/673\/2024\/02\/Schulgarten-300x194.jpg\" alt=\"\" width=\"300\" height=\"194\" srcset=\"https:\/\/rebbz-nord.hamburg.de\/wp-content\/uploads\/sites\/673\/2024\/02\/Schulgarten-300x194.jpg 300w, https:\/\/rebbz-nord.hamburg.de\/wp-content\/uploads\/sites\/673\/2024\/02\/Schulgarten-768x497.jpg 768w, https:\/\/rebbz-nord.hamburg.de\/wp-content\/uploads\/sites\/673\/2024\/02\/Schulgarten.jpg 990w\" sizes=\"auto, (max-width: 300px) 100vw, 300px\" \/><\/p>\n<p>Unser Projekt <a href=\"https:\/\/rebbz-nord.hamburg.de\/wp-content\/uploads\/sites\/673\/2024\/02\/Projekt-Natur-Bewegung-Lernen-Konzept.pdf\" target=\"_blank\" rel=\"noopener\">&#8222;Natur &#8211; Bewegung &#8211; Lernen&#8220;<\/a> zielt darauf ab, den Schulhof iin einen lebendigen, naturnahen und bewegungsf\u00f6rdernden Raum zu verwandeln.&nbsp; Dies soll nicht nur das Lern- und Wohlbefinden der Sch\u00fclerinnen und Sch\u00fcler verbessern, sondern auch einen positiven Beitrag zur lokalen Gemeinschaft und Umwelt leisten.<\/p>\n","protected":false},"excerpt":{"rendered":"<p>In der Bildungsabteilung des ReBBZ Nord haben es sich die Klassen VSK, 4, 5, 6, und 7 &nbsp;zur Aufgabe gemacht, den vernachl\u00e4ssigten Schulgarten wiederzubeleben und so zu gestalten, dassMenschen und Tiere ihn gleicherma\u00dfen genie\u00dfen und nutzen k\u00f6nnen. &nbsp; Mit unserem Konzept haben wir uns bei der Loki-Schmidt-Stiftung beworben! Schulgarten Konzept ReBBZ Nord Unser Projekt &#8222;Natur &hellip; <a href=\"https:\/\/rebbz-nord.hamburg.de\/?page_id=1329\" class=\"more-link\"><span class=\"screen-reader-text\">Schulgarten<\/span> weiterlesen <span class=\"meta-nav\">&rarr;<\/span><\/a><\/p>\n","protected":false},"author":1307,"featured_media":0,"parent":0,"menu_order":0,"comment_status":"closed","ping_status":"closed","template":"","meta":{"_acf_changed":false,"footnotes":""},"class_list":["post-1329","page","type-page","status-publish","hentry"],"acf":[],"_links":{"self":[{"href":"https:\/\/rebbz-nord.hamburg.de\/index.php?rest_route=\/wp\/v2\/pages\/1329","targetHints":{"allow":["GET"]}}],"collection":[{"href":"https:\/\/rebbz-nord.hamburg.de\/index.php?rest_route=\/wp\/v2\/pages"}],"about":[{"href":"https:\/\/rebbz-nord.hamburg.de\/index.php?rest_route=\/wp\/v2\/types\/page"}],"author":[{"embeddable":true,"href":"https:\/\/rebbz-nord.hamburg.de\/index.php?rest_route=\/wp\/v2\/users\/1307"}],"replies":[{"embeddable":true,"href":"https:\/\/rebbz-nord.hamburg.de\/index.php?rest_route=%2Fwp%2Fv2%2Fcomments&post=1329"}],"version-history":[{"count":5,"href":"https:\/\/rebbz-nord.hamburg.de\/index.php?rest_route=\/wp\/v2\/pages\/1329\/revisions"}],"predecessor-version":[{"id":1531,"href":"https:\/\/rebbz-nord.hamburg.de\/index.php?rest_route=\/wp\/v2\/pages\/1329\/revisions\/1531"}],"wp:attachment":[{"href":"https:\/\/rebbz-nord.hamburg.de\/index.php?rest_route=%2Fwp%2Fv2%2Fmedia&parent=1329"}],"curies":[{"name":"wp","href":"https:\/\/api.w.org\/{rel}","templated":true}]}}