{"id":1504,"date":"2024-02-12T15:30:09","date_gmt":"2024-02-12T14:30:09","guid":{"rendered":"https:\/\/rebbz-nord.hamburg.de\/?page_id=1504"},"modified":"2024-02-12T15:30:09","modified_gmt":"2024-02-12T14:30:09","slug":"schwimmunterricht","status":"publish","type":"page","link":"https:\/\/rebbz-nord.hamburg.de\/?page_id=1504","title":{"rendered":"Schwimmunterricht"},"content":{"rendered":"<p style=\"text-align: center\">Jeder kann schwimmen lernen!<\/p>\n<p>Unsere Schule hat sich fest vorgenommen, jedem Kind die M\u00f6glichkeit zu bieten, mit uns das Schwimmen zu lernen. Deswegen gehen wir ab Klasse 2\/3 bis-Klasse 6 einmal in der Woche zum Schwimmunterricht \u2013 ob im Lehrschwimmbecken in der Kurt-Juster-Schule oder im Schwimmbad Ohlsdorf. Vom Seepferdchen bis zum Jugendschwimmabzeichen in Gold, alles ist machbar! Und wer sich traut, kann auch gegen Sch\u00fcler der anderen ReBBZ beim j\u00e4hrlichen Schwimmwettkampf teilnehmen. Im Januar 2024 haben wir 3 Einzelpokale und alle Staffeln gewonnen! Gl\u00fcckwunsch!<\/p>\n<p>Katrin Kr\u00fcger, Monika Rehfeld, Henning Warnke (Schwimmlehrer*Innen)<\/p>\n<p style=\"text-align: right\">&nbsp;<\/p>\n<p>&nbsp;<\/p>\n","protected":false},"excerpt":{"rendered":"<p>Jeder kann schwimmen lernen! Unsere Schule hat sich fest vorgenommen, jedem Kind die M\u00f6glichkeit zu bieten, mit uns das Schwimmen zu lernen. Deswegen gehen wir ab Klasse 2\/3 bis-Klasse 6 einmal in der Woche zum Schwimmunterricht \u2013 ob im Lehrschwimmbecken in der Kurt-Juster-Schule oder im Schwimmbad Ohlsdorf. Vom Seepferdchen bis zum Jugendschwimmabzeichen in Gold, alles &hellip; <a href=\"https:\/\/rebbz-nord.hamburg.de\/?page_id=1504\" class=\"more-link\"><span class=\"screen-reader-text\">Schwimmunterricht<\/span> weiterlesen <span class=\"meta-nav\">&rarr;<\/span><\/a><\/p>\n","protected":false},"author":1307,"featured_media":0,"parent":0,"menu_order":0,"comment_status":"closed","ping_status":"closed","template":"","meta":{"_acf_changed":false,"footnotes":""},"class_list":["post-1504","page","type-page","status-publish","hentry"],"acf":[],"_links":{"self":[{"href":"https:\/\/rebbz-nord.hamburg.de\/index.php?rest_route=\/wp\/v2\/pages\/1504","targetHints":{"allow":["GET"]}}],"collection":[{"href":"https:\/\/rebbz-nord.hamburg.de\/index.php?rest_route=\/wp\/v2\/pages"}],"about":[{"href":"https:\/\/rebbz-nord.hamburg.de\/index.php?rest_route=\/wp\/v2\/types\/page"}],"author":[{"embeddable":true,"href":"https:\/\/rebbz-nord.hamburg.de\/index.php?rest_route=\/wp\/v2\/users\/1307"}],"replies":[{"embeddable":true,"href":"https:\/\/rebbz-nord.hamburg.de\/index.php?rest_route=%2Fwp%2Fv2%2Fcomments&post=1504"}],"version-history":[{"count":2,"href":"https:\/\/rebbz-nord.hamburg.de\/index.php?rest_route=\/wp\/v2\/pages\/1504\/revisions"}],"predecessor-version":[{"id":1507,"href":"https:\/\/rebbz-nord.hamburg.de\/index.php?rest_route=\/wp\/v2\/pages\/1504\/revisions\/1507"}],"wp:attachment":[{"href":"https:\/\/rebbz-nord.hamburg.de\/index.php?rest_route=%2Fwp%2Fv2%2Fmedia&parent=1504"}],"curies":[{"name":"wp","href":"https:\/\/api.w.org\/{rel}","templated":true}]}}