{"id":1594,"date":"2024-09-02T14:33:49","date_gmt":"2024-09-02T12:33:49","guid":{"rendered":"https:\/\/rebbz-nord.hamburg.de\/?page_id=1594"},"modified":"2024-09-02T14:33:49","modified_gmt":"2024-09-02T12:33:49","slug":"mittagessen-am-rebbz-nord","status":"publish","type":"page","link":"https:\/\/rebbz-nord.hamburg.de\/?page_id=1594","title":{"rendered":"Mittagessen am ReBBZ Nord"},"content":{"rendered":"<p>Liebe Familien,<\/p>\n<p>wir haben uns f\u00fcr Flachsland Zukunftsschulen als Caterer entschieden.<br \/>\nDas bedeutet, dass Ihr Kind bei uns jeden Tag ein leckeres und gesundes Bio-Mittagessen bekommen kann.<br \/>\nAlle Zutaten stammen zu 100% aus kontrolliert biologischer Erzeugung<br \/>\n(Kontrollstelle: DE-\u00d6KO-006). Die K\u00fcche verwendet ausschlie\u00dflich Rind- und Gefl\u00fcgelfleisch aus kontrolliert biologischer Haltung sowie Seefisch aus Bio-Zucht oder zertifizierter Fischerei. Auf Schweinefleisch verzichtet Flachsland Zukunftsschulen ganz.<\/p>\n<p>F\u00fcr alle Informationen rund um die Registrierung, Anmeldung, Bestellung und Bezahlung, <a href=\"https:\/\/flachsland-zukunftsschulen.de\/ernaehrung\/rebbz\/\" target=\"_blank\" rel=\"noopener\">klicken Sie bitte hier<\/a>!<br \/>\n(https:\/\/flachsland-zukunftsschulen.de\/ernaehrung\/rebbz\/)<\/p>\n<p>Wenn Sie wissen wollen, weshalb wir uns f\u00fcr Flachsland Zukunftsschulen als Caterer entschieden haben, <a href=\"https:\/\/flachsland-zukunftsschulen.de\/ernaehrung\/\" target=\"_blank\" rel=\"noopener\">klicken Sie bitte hier!<\/a><br \/>\n(https:\/\/flachsland-zukunftsschulen.de\/ernaehrung\/)<\/p>\n","protected":false},"excerpt":{"rendered":"<p>Liebe Familien, wir haben uns f\u00fcr Flachsland Zukunftsschulen als Caterer entschieden. Das bedeutet, dass Ihr Kind bei uns jeden Tag ein leckeres und gesundes Bio-Mittagessen bekommen kann. Alle Zutaten stammen zu 100% aus kontrolliert biologischer Erzeugung (Kontrollstelle: DE-\u00d6KO-006). Die K\u00fcche verwendet ausschlie\u00dflich Rind- und Gefl\u00fcgelfleisch aus kontrolliert biologischer Haltung sowie Seefisch aus Bio-Zucht oder zertifizierter &hellip; <a href=\"https:\/\/rebbz-nord.hamburg.de\/?page_id=1594\" class=\"more-link\"><span class=\"screen-reader-text\">Mittagessen am ReBBZ Nord<\/span> weiterlesen <span class=\"meta-nav\">&rarr;<\/span><\/a><\/p>\n","protected":false},"author":1307,"featured_media":0,"parent":0,"menu_order":0,"comment_status":"closed","ping_status":"closed","template":"","meta":{"_acf_changed":false,"footnotes":""},"class_list":["post-1594","page","type-page","status-publish","hentry"],"acf":[],"_links":{"self":[{"href":"https:\/\/rebbz-nord.hamburg.de\/index.php?rest_route=\/wp\/v2\/pages\/1594","targetHints":{"allow":["GET"]}}],"collection":[{"href":"https:\/\/rebbz-nord.hamburg.de\/index.php?rest_route=\/wp\/v2\/pages"}],"about":[{"href":"https:\/\/rebbz-nord.hamburg.de\/index.php?rest_route=\/wp\/v2\/types\/page"}],"author":[{"embeddable":true,"href":"https:\/\/rebbz-nord.hamburg.de\/index.php?rest_route=\/wp\/v2\/users\/1307"}],"replies":[{"embeddable":true,"href":"https:\/\/rebbz-nord.hamburg.de\/index.php?rest_route=%2Fwp%2Fv2%2Fcomments&post=1594"}],"version-history":[{"count":1,"href":"https:\/\/rebbz-nord.hamburg.de\/index.php?rest_route=\/wp\/v2\/pages\/1594\/revisions"}],"predecessor-version":[{"id":1596,"href":"https:\/\/rebbz-nord.hamburg.de\/index.php?rest_route=\/wp\/v2\/pages\/1594\/revisions\/1596"}],"wp:attachment":[{"href":"https:\/\/rebbz-nord.hamburg.de\/index.php?rest_route=%2Fwp%2Fv2%2Fmedia&parent=1594"}],"curies":[{"name":"wp","href":"https:\/\/api.w.org\/{rel}","templated":true}]}}