{"id":167,"date":"2016-12-06T15:07:35","date_gmt":"2016-12-06T14:07:35","guid":{"rendered":"http:\/\/sandbox.schulhomepages.hamburg.de\/?page_id=167"},"modified":"2023-04-17T12:27:36","modified_gmt":"2023-04-17T10:27:36","slug":"das-sind-wir","status":"publish","type":"page","link":"https:\/\/rebbz-nord.hamburg.de\/?page_id=167","title":{"rendered":"Das sind wir"},"content":{"rendered":"<p style=\"text-align: justify\">Das Regionale Bildungs- und Beratungszentrum Nord (ReBBZ Nord) ist eines von insgesamt dreizehn ReBBZ in Hamburg.<\/p>\n<p style=\"text-align: justify\">Unter dem Motto \u201eBildung und Beratung unter einem Dach\u201c bietet unser multiprofessionelles Team, bestehend aus allgemeinen und sonderp\u00e4dagogischen Lehrkr\u00e4ften, ErzieherInnen sowie sozialp\u00e4dagogischen und psychologischen Fachkr\u00e4ften<\/p>\n<ul style=\"text-align: justify\">\n<li>Unterricht f\u00fcr Sch\u00fclerinnen und Sch\u00fcler mit sonderp\u00e4dagogischem F\u00f6rderbedarf in den Bereichen Lernen, Sprache und soziale und emotionale Entwicklung in unserer <a href=\"https:\/\/rebbz-nord.hamburg.de\/?page_id=172\"><strong>Bildungsabteilung<\/strong><\/a>, der Robert-Koch-Schule.<\/li>\n<li>Beratung und Unterst\u00fctzung bei p\u00e4dagogischen Fragestellungen, sonderp\u00e4dagogischer Diagnostik, Krisenintervention, Schullaufbahnberatung durch unsere <a href=\"https:\/\/rebbz-nord.hamburg.de\/?page_id=175\"><strong>Beratungsabteilung<\/strong><\/a><\/li>\n<\/ul>\n<p style=\"text-align: justify\">Unser Angebot richtet sich an Sch\u00fclerinnen und Sch\u00fcler, Sorgeberechtigte sowie an Schulen bzw. p\u00e4dagogische Fachkr\u00e4fte in den Stadtteilen Alsterdorf, Fuhlsb\u00fcttel, Gro\u00df Borstel, Klein Borstel, Langenhorn und Ohlsdorf.<img loading=\"lazy\" decoding=\"async\" class=\"size-medium wp-image-770 aligncenter\" src=\"https:\/\/rebbz-nord.hamburg.de\/wp-content\/uploads\/sites\/673\/2020\/10\/Bezirke-Nord-R-283x300.png\" alt=\"\" width=\"283\" height=\"300\" srcset=\"https:\/\/rebbz-nord.hamburg.de\/wp-content\/uploads\/sites\/673\/2020\/10\/Bezirke-Nord-R-283x300.png 283w, https:\/\/rebbz-nord.hamburg.de\/wp-content\/uploads\/sites\/673\/2020\/10\/Bezirke-Nord-R.png 503w\" sizes=\"auto, (max-width: 283px) 100vw, 283px\" \/><\/p>\n<p style=\"text-align: justify\">Unser Ziel ist die bestm\u00f6gliche Bildung f\u00fcr jedes Kind und die bestm\u00f6gliche Beratung f\u00fcr Sorgeberechtigte und p\u00e4dagogische Fachkr\u00e4fte!<\/p>\n","protected":false},"excerpt":{"rendered":"<p>Das Regionale Bildungs- und Beratungszentrum Nord (ReBBZ Nord) ist eines von insgesamt dreizehn ReBBZ in Hamburg. Unter dem Motto \u201eBildung und Beratung unter einem Dach\u201c bietet unser multiprofessionelles Team, bestehend aus allgemeinen und sonderp\u00e4dagogischen Lehrkr\u00e4ften, ErzieherInnen sowie sozialp\u00e4dagogischen und psychologischen Fachkr\u00e4ften Unterricht f\u00fcr Sch\u00fclerinnen und Sch\u00fcler mit sonderp\u00e4dagogischem F\u00f6rderbedarf in den Bereichen Lernen, Sprache und &hellip; <a href=\"https:\/\/rebbz-nord.hamburg.de\/?page_id=167\" class=\"more-link\"><span class=\"screen-reader-text\">Das sind wir<\/span> weiterlesen <span class=\"meta-nav\">&rarr;<\/span><\/a><\/p>\n","protected":false},"author":13,"featured_media":0,"parent":0,"menu_order":0,"comment_status":"closed","ping_status":"closed","template":"","meta":{"_acf_changed":false,"footnotes":""},"class_list":["post-167","page","type-page","status-publish","hentry"],"acf":[],"_links":{"self":[{"href":"https:\/\/rebbz-nord.hamburg.de\/index.php?rest_route=\/wp\/v2\/pages\/167","targetHints":{"allow":["GET"]}}],"collection":[{"href":"https:\/\/rebbz-nord.hamburg.de\/index.php?rest_route=\/wp\/v2\/pages"}],"about":[{"href":"https:\/\/rebbz-nord.hamburg.de\/index.php?rest_route=\/wp\/v2\/types\/page"}],"author":[{"embeddable":true,"href":"https:\/\/rebbz-nord.hamburg.de\/index.php?rest_route=\/wp\/v2\/users\/13"}],"replies":[{"embeddable":true,"href":"https:\/\/rebbz-nord.hamburg.de\/index.php?rest_route=%2Fwp%2Fv2%2Fcomments&post=167"}],"version-history":[{"count":8,"href":"https:\/\/rebbz-nord.hamburg.de\/index.php?rest_route=\/wp\/v2\/pages\/167\/revisions"}],"predecessor-version":[{"id":1261,"href":"https:\/\/rebbz-nord.hamburg.de\/index.php?rest_route=\/wp\/v2\/pages\/167\/revisions\/1261"}],"wp:attachment":[{"href":"https:\/\/rebbz-nord.hamburg.de\/index.php?rest_route=%2Fwp%2Fv2%2Fmedia&parent=167"}],"curies":[{"name":"wp","href":"https:\/\/api.w.org\/{rel}","templated":true}]}}