{"id":176,"date":"2016-12-06T15:07:35","date_gmt":"2016-12-06T14:07:35","guid":{"rendered":"http:\/\/sandbox.schulhomepages.hamburg.de\/?page_id=176"},"modified":"2025-09-30T09:12:30","modified_gmt":"2025-09-30T07:12:30","slug":"impressum","status":"publish","type":"page","link":"https:\/\/rebbz-nord.hamburg.de\/?page_id=176","title":{"rendered":"Impressum"},"content":{"rendered":"<p>Land Hamburg (Diensteanbieter im Sinne des Telemediengesetzes)<\/p>\n<p>Das Land Hamburg ist eine juristische Person des \u00f6ffentlichen Rechts, vertreten durch:<\/p>\n<p>Gesamtleitung: Gabriele Ostermoor<br \/>\nLeitung der Bildungsabteilung: Daniel Deelmann<br \/>\nLeitung der Beratungsabteilung: Clemens von Lassaulx<\/p>\n<p>Sengelmannstra\u00dfe 50,<br \/>\n22297 Hamburg<br \/>\nTel: 040 \/ 428 88 41 &#8211; 0<br \/>\nFax: 040 \/ 428 88 41 \u2013 22<\/p>\n<p style=\"text-align: justify\">eMail: <a href=\"mailto:rebbz-nord-bildung@bsfb.hamburg.de\">rebbz-nord-bildung@bsfb.hamburg.de<\/a><\/p>\n<hr>\n<p style=\"text-align: justify\"><strong>Verantwortlicher f\u00fcr die journalistisch-redaktionellen Inhalte i.S.d. \u00a7 55 Abs. 2 Rundfunkstaatsvertrag:<\/strong><\/p>\n<p style=\"text-align: justify\">Gabriele Ostermoor<\/p>\n<p style=\"text-align: justify\">vertretungsberechtigt: Daniel Deelmann<\/p>\n<p style=\"text-align: justify\">Webmaster: Henning Schmidt<\/p>\n<p style=\"text-align: justify\"><strong>Haftungsausschluss<\/strong><\/p>\n<p style=\"text-align: justify\">F\u00fcr die Inhalte der verlinkten Seiten ist stets der jeweilige Anbieter oder Betreiber der Seiten verantwortlich. Die verlinkten Seiten wurden zum Zeitpunkt der Verlinkung auf m\u00f6gliche Rechtsverst\u00f6\u00dfe \u00fcberpr\u00fcft. Rechtswidrige Inhalte waren zum Zeitpunkt der Verlinkung nicht erkennbar. Eine permanente inhaltliche Kontrolle der verlinkten Seiten ist jedoch ohne konkrete Anhaltspunkte einer Rechtsverletzung nicht zumutbar. Bei Bekanntwerden von Rechtsverletzungen werden wir derartige Links umgehend entfernen.<\/p>\n<p style=\"text-align: justify\"><strong>Datenschutz<\/strong><\/p>\n<p style=\"text-align: justify\">Die Nutzung unserer Webseite ist ohne Angabe personenbezogener Daten m\u00f6glich. Soweit auf unseren Seiten personenbezogene Daten (beispielsweise Name, Anschrift oder E-Mail-Adressen) erhoben werden, erfolgt dies, soweit m\u00f6glich, stets auf freiwilliger Basis. Diese Daten werden ohne Ihre ausdr\u00fcckliche Zustimmung nicht an Dritte weitergegeben.<\/p>\n<p style=\"text-align: justify\">Der Nutzung von im Rahmen der Impressumspflicht ver\u00f6ffentlichten Kontaktdaten durch Dritte zur \u00dcbersendung von nicht ausdr\u00fccklich angeforderter Werbung und Informationsmaterialien wird hiermit ausdr\u00fccklich widersprochen. Die Betreiber der Seiten behalten sich ausdr\u00fccklich rechtliche Schritte im Falle der unverlangten Zusendung von Werbeinformationen, etwa durch Spam-Mails, vor.<\/p>\n","protected":false},"excerpt":{"rendered":"<p>Land Hamburg (Diensteanbieter im Sinne des Telemediengesetzes) Das Land Hamburg ist eine juristische Person des \u00f6ffentlichen Rechts, vertreten durch: Gesamtleitung: Gabriele Ostermoor Leitung der Bildungsabteilung: Daniel Deelmann Leitung der Beratungsabteilung: Clemens von Lassaulx Sengelmannstra\u00dfe 50, 22297 Hamburg Tel: 040 \/ 428 88 41 &#8211; 0 Fax: 040 \/ 428 88 41 \u2013 22 eMail: rebbz-nord-bildung@bsfb.hamburg.de &hellip; <a href=\"https:\/\/rebbz-nord.hamburg.de\/?page_id=176\" class=\"more-link\"><span class=\"screen-reader-text\">Impressum<\/span> weiterlesen <span class=\"meta-nav\">&rarr;<\/span><\/a><\/p>\n","protected":false},"author":13,"featured_media":0,"parent":0,"menu_order":0,"comment_status":"closed","ping_status":"closed","template":"","meta":{"_acf_changed":false,"footnotes":""},"class_list":["post-176","page","type-page","status-publish","hentry"],"acf":[],"_links":{"self":[{"href":"https:\/\/rebbz-nord.hamburg.de\/index.php?rest_route=\/wp\/v2\/pages\/176","targetHints":{"allow":["GET"]}}],"collection":[{"href":"https:\/\/rebbz-nord.hamburg.de\/index.php?rest_route=\/wp\/v2\/pages"}],"about":[{"href":"https:\/\/rebbz-nord.hamburg.de\/index.php?rest_route=\/wp\/v2\/types\/page"}],"author":[{"embeddable":true,"href":"https:\/\/rebbz-nord.hamburg.de\/index.php?rest_route=\/wp\/v2\/users\/13"}],"replies":[{"embeddable":true,"href":"https:\/\/rebbz-nord.hamburg.de\/index.php?rest_route=%2Fwp%2Fv2%2Fcomments&post=176"}],"version-history":[{"count":9,"href":"https:\/\/rebbz-nord.hamburg.de\/index.php?rest_route=\/wp\/v2\/pages\/176\/revisions"}],"predecessor-version":[{"id":1684,"href":"https:\/\/rebbz-nord.hamburg.de\/index.php?rest_route=\/wp\/v2\/pages\/176\/revisions\/1684"}],"wp:attachment":[{"href":"https:\/\/rebbz-nord.hamburg.de\/index.php?rest_route=%2Fwp%2Fv2%2Fmedia&parent=176"}],"curies":[{"name":"wp","href":"https:\/\/api.w.org\/{rel}","templated":true}]}}