{"id":209,"date":"2016-12-06T15:07:35","date_gmt":"2016-12-06T14:07:35","guid":{"rendered":"http:\/\/sandbox.schulhomepages.hamburg.de\/?page_id=209"},"modified":"2024-02-15T11:41:49","modified_gmt":"2024-02-15T10:41:49","slug":"ganztag","status":"publish","type":"page","link":"https:\/\/rebbz-nord.hamburg.de\/?page_id=209","title":{"rendered":"Ganztag"},"content":{"rendered":"<ol>\n<li><strong>Ausgangssituation<\/strong><strong>&nbsp;<\/strong><\/li>\n<\/ol>\n<ul>\n<li>Am ReBBZ Nord werden etwas \u00fcber 100 Sch\u00fcler*innen der Klassenstufen 0 bis 10 beschult.<\/li>\n<li>Alle unsere Sch\u00fcler*innen haben einen sonderp\u00e4dagogischen F\u00f6rderbedarf im Bereich Lernen \/ Sprache und\/oder Emotionale und Soziale Entwicklung oder eine Autismus-Spektrum-St\u00f6rung. Hierdurch ergeben sich besondere Anforderungen an den schulischen Ganztag.<\/li>\n<li>Der Ganztag findet innerhalb der Stufen 0-4, 5-7 und 8-10 statt und ist aufgrund der individuellen Bedarfe der jeweiligen Altersgruppen in den drei Stufen unterschiedlich organisiert.<\/li>\n<li>Sowohl am Vormittag als auch am Nachmittag finden individuelle Angebote im Rahmen des p\u00e4dagogischen Ganztages statt.<\/li>\n<li>Die Koordination des Ganztages \u00fcbernehmen drei Sozialp\u00e4dagoginnen.<\/li>\n<li>Die Angebote im Nachmittag beginnen um 14:15 Uhr und enden um 15:45 Uhr.<\/li>\n<\/ul>\n<ol start=\"2\">\n<li><strong>Angebote im Vormittag<\/strong><\/li>\n<\/ol>\n<ul>\n<li>T\u00e4glich sozialp\u00e4dagogisches Inselangebot (\u201eGalaxy\u201c) w\u00e4hrend des Schulvormittags, geleitet von einer Erzieherin und zwei Sozialp\u00e4dagoginnen<\/li>\n<li>Pausenangebote auf dem Hof, in der Sporthalle und in der Insel (\u201eGalaxy\u201c)<\/li>\n<li>Aktive Pause mit Spielger\u00e4ten zur Bewegungsf\u00f6rderungen<\/li>\n<li>\u201eKicker-Club\u201c einmal w\u00f6chentlich f\u00fcr halbj\u00e4hrlich wechselnde Kleingruppen parallel zum Unterricht<\/li>\n<\/ul>\n<table style=\"width: 115%;height: 373px\">\n<tbody>\n<tr style=\"height: 31px\">\n<td style=\"width: 99.633%;height: 31px\" colspan=\"6\" width=\"604\"><strong>\u00dcbersicht zu den Nachmittagsangeboten in den verschiedenen Klassenstufen<\/strong><\/td>\n<\/tr>\n<tr style=\"border-style: solid;border-color: #000000\">\n<td style=\"width: 17.6147%;height: 60px;border-style: solid;border-color: #000000\" width=\"126\"><strong>Klassenstufe<\/strong><\/td>\n<td style=\"width: 15.7798%;height: 60px;border-style: solid;border-color: #000000\" width=\"91\"><strong>Montag-nachmittag<\/strong><\/td>\n<td style=\"width: 15.7798%;height: 60px;border-style: solid;border-color: #000000\" width=\"94\"><strong>Dienstag- nachmittag<\/strong><\/td>\n<td style=\"width: 15.7798%;height: 60px;border-style: solid;border-color: #000000\" width=\"94\"><strong>Mittwoch- nachmittag<\/strong><\/td>\n<td style=\"width: 17.4312%;height: 60px;border-style: solid;border-color: #000000\" width=\"100\"><strong>Donnerstag- nachmittag<\/strong><\/td>\n<td style=\"width: 17.2477%;height: 60px;border-style: solid;border-color: #000000\" width=\"100\"><strong>Freitag- nachmittag<\/strong><\/td>\n<\/tr>\n<tr style=\"border-style: solid;border-color: #000000\">\n<td style=\"width: 17.6147%;height: 60px;border-style: solid;border-color: #000000\" width=\"126\"><strong>VSK<\/strong><\/td>\n<td style=\"width: 64.7706%;height: 60px;border-style: solid;border-color: #000000\" colspan=\"4\" width=\"378\">T\u00e4glich Spielangebote mit Sozialp\u00e4dagogin im Gruppenverband (teils in Kooperation mit Klasse 1)<\/td>\n<td style=\"width: 17.2477%;height: 282px;border-style: solid;border-color: #000000\" rowspan=\"4\" width=\"100\">&nbsp;<\/p>\n<p>Schulschluss um 12:45 Uhr<\/td>\n<\/tr>\n<tr style=\"border-style: solid;border-color: #000000\">\n<td style=\"background-color: #5bb6eb;width: 17.6147%;height: 42px;border-style: solid;border-color: #000000\" width=\"126\"><strong>1-4<\/strong><\/td>\n<td style=\"background-color: #5bb6eb;width: 15.7798%;height: 42px;border-style: solid;border-color: #000000\" width=\"91\">Kurs<\/td>\n<td style=\"background-color: #5bb6eb;width: 15.7798%;height: 42px;border-style: solid;border-color: #000000\" width=\"94\">Kurs<\/td>\n<td style=\"background-color: #5bb6eb;width: 15.7798%;height: 42px;border-style: solid;border-color: #000000\" width=\"94\">Kurs<\/td>\n<td style=\"background-color: #5bb6eb;width: 17.4312%;height: 42px;border-style: solid;border-color: #000000\" width=\"100\">Kurs<\/td>\n<\/tr>\n<tr style=\"border-style: solid;border-color: #000000\">\n<td style=\"background-color: #29d993;width: 17.6147%;height: 102px;border-style: solid;border-color: #000000\" width=\"126\"><strong>5 bis 7 <\/strong><\/p>\n<p><strong>&amp; 8<br \/>\n<\/strong><strong>(1. Halbjahr)<\/strong><\/td>\n<td style=\"background-color: #29d993;width: 15.7798%;height: 102px;border-style: solid;border-color: #000000\" width=\"91\">Unterricht<\/td>\n<td style=\"background-color: #29d993;width: 15.7798%;height: 102px;border-style: solid;border-color: #000000\" width=\"94\">Kurs<\/td>\n<td style=\"background-color: #29d993;width: 15.7798%;height: 102px;border-style: solid;border-color: #000000\" width=\"94\">Kurs<\/td>\n<td style=\"background-color: #29d993;width: 17.4312%;height: 102px;border-style: solid;border-color: #000000\" width=\"100\">Unterricht<\/td>\n<\/tr>\n<tr style=\"border-style: solid;border-color: #000000\">\n<td style=\"background-color: #f09f26;width: 17.6147%;height: 78px;border-style: solid;border-color: #000000\" width=\"126\"><strong>8<br \/>\n(2. Halbjahr) bis 10<\/strong><\/td>\n<td style=\"background-color: #f09f26;width: 15.7798%;height: 78px;border-style: solid;border-color: #000000\" width=\"91\">Kurs<\/td>\n<td style=\"background-color: #f09f26;width: 15.7798%;height: 78px;border-style: solid;border-color: #000000\" width=\"94\">Praktikum<\/td>\n<td style=\"background-color: #f09f26;width: 15.7798%;height: 78px;border-style: solid;border-color: #000000\" width=\"94\">Praktikum \/ Lernzeit<\/td>\n<td style=\"background-color: #f09f26;width: 17.4312%;height: 78px;border-style: solid;border-color: #000000\" width=\"100\">Unterricht<\/td>\n<\/tr>\n<\/tbody>\n<\/table>\n<p><a href=\"https:\/\/rebbz-nord.hamburg.de\/?page_id=705\">NACHMITTAGSBETREUUNG DER UNTERSTUFE<\/a><\/p>\n<p><a href=\"https:\/\/rebbz-nord.hamburg.de\/?page_id=1175\">NACHMITTAG IN DER STUFE 5-10<\/a><\/p>\n<p>&nbsp;<\/p>\n","protected":false},"excerpt":{"rendered":"<p>Ausgangssituation&nbsp; Am ReBBZ Nord werden etwas \u00fcber 100 Sch\u00fcler*innen der Klassenstufen 0 bis 10 beschult. Alle unsere Sch\u00fcler*innen haben einen sonderp\u00e4dagogischen F\u00f6rderbedarf im Bereich Lernen \/ Sprache und\/oder Emotionale und Soziale Entwicklung oder eine Autismus-Spektrum-St\u00f6rung. Hierdurch ergeben sich besondere Anforderungen an den schulischen Ganztag. Der Ganztag findet innerhalb der Stufen 0-4, 5-7 und 8-10 statt &hellip; <a href=\"https:\/\/rebbz-nord.hamburg.de\/?page_id=209\" class=\"more-link\"><span class=\"screen-reader-text\">Ganztag<\/span> weiterlesen <span class=\"meta-nav\">&rarr;<\/span><\/a><\/p>\n","protected":false},"author":13,"featured_media":0,"parent":0,"menu_order":0,"comment_status":"closed","ping_status":"closed","template":"","meta":{"_acf_changed":false,"footnotes":""},"class_list":["post-209","page","type-page","status-publish","hentry"],"acf":[],"_links":{"self":[{"href":"https:\/\/rebbz-nord.hamburg.de\/index.php?rest_route=\/wp\/v2\/pages\/209","targetHints":{"allow":["GET"]}}],"collection":[{"href":"https:\/\/rebbz-nord.hamburg.de\/index.php?rest_route=\/wp\/v2\/pages"}],"about":[{"href":"https:\/\/rebbz-nord.hamburg.de\/index.php?rest_route=\/wp\/v2\/types\/page"}],"author":[{"embeddable":true,"href":"https:\/\/rebbz-nord.hamburg.de\/index.php?rest_route=\/wp\/v2\/users\/13"}],"replies":[{"embeddable":true,"href":"https:\/\/rebbz-nord.hamburg.de\/index.php?rest_route=%2Fwp%2Fv2%2Fcomments&post=209"}],"version-history":[{"count":7,"href":"https:\/\/rebbz-nord.hamburg.de\/index.php?rest_route=\/wp\/v2\/pages\/209\/revisions"}],"predecessor-version":[{"id":1513,"href":"https:\/\/rebbz-nord.hamburg.de\/index.php?rest_route=\/wp\/v2\/pages\/209\/revisions\/1513"}],"wp:attachment":[{"href":"https:\/\/rebbz-nord.hamburg.de\/index.php?rest_route=%2Fwp%2Fv2%2Fmedia&parent=209"}],"curies":[{"name":"wp","href":"https:\/\/api.w.org\/{rel}","templated":true}]}}