{"id":220,"date":"2016-12-06T15:07:35","date_gmt":"2016-12-06T14:07:35","guid":{"rendered":"http:\/\/sandbox.schulhomepages.hamburg.de\/?page_id=220"},"modified":"2023-04-17T12:31:19","modified_gmt":"2023-04-17T10:31:19","slug":"gewaltpraevention","status":"publish","type":"page","link":"https:\/\/rebbz-nord.hamburg.de\/?page_id=220","title":{"rendered":"Gewaltpr\u00e4vention"},"content":{"rendered":"<p style=\"text-align: justify\">Schulen oder Sorgeberechtigte k\u00f6nnen bei gewaltbereitem Verhalten von Sch\u00fclerinnen und Sch\u00fclern das Regionale Bildungs- und Beratungszentrum (ReBBZ) beratend hinzuziehen. Bei schwerwiegenden Gewaltvorf\u00e4llen meldet eine Schule diese in einem geregelten Verfahren:<\/p>\n<ul style=\"text-align: justify\">\n<li>Der formale Gewaltmeldebogen wird mit den Sch\u00fclerdaten, der Dokumentation des Geschehens sowie der Beschreibung der erfolgten Ma\u00dfnahmen an das zust\u00e4ndige ReBBZ gesendet.<\/li>\n<li>Die Schule sendet den Gewaltmeldebogen zus\u00e4tzlich an die Schulaufsicht, die Beratungsstelle Gewaltpr\u00e4vention und an die Polizei.<\/li>\n<li>Die Benachrichtigung der Polizei kommt einer Anzeige gleich. Je nach Vorkommnis wird das Jugendamt \u00fcber die Anzeige informiert.<\/li>\n<\/ul>\n<p style=\"text-align: justify\">Mit dem zust\u00e4ndigen ReBBZ kl\u00e4rt die Schule, ob fachliche Unterst\u00fctzung in der Bearbeitung des Vorfalls gew\u00fcnscht wird bzw. erforderlich ist. In der Folge vereinbaren Schule und ReBBZ, ggf. auch mit weiteren Fachkr\u00e4ften, welche Handlungsschritte und Ma\u00dfnahmen erfolgen sollen. Die Sorgeberechtigten werden in die \u00dcberlegungen und Ma\u00dfnahmen einbezogen.<\/p>\n","protected":false},"excerpt":{"rendered":"<p>Schulen oder Sorgeberechtigte k\u00f6nnen bei gewaltbereitem Verhalten von Sch\u00fclerinnen und Sch\u00fclern das Regionale Bildungs- und Beratungszentrum (ReBBZ) beratend hinzuziehen. Bei schwerwiegenden Gewaltvorf\u00e4llen meldet eine Schule diese in einem geregelten Verfahren: Der formale Gewaltmeldebogen wird mit den Sch\u00fclerdaten, der Dokumentation des Geschehens sowie der Beschreibung der erfolgten Ma\u00dfnahmen an das zust\u00e4ndige ReBBZ gesendet. Die Schule sendet &hellip; <a href=\"https:\/\/rebbz-nord.hamburg.de\/?page_id=220\" class=\"more-link\"><span class=\"screen-reader-text\">Gewaltpr\u00e4vention<\/span> weiterlesen <span class=\"meta-nav\">&rarr;<\/span><\/a><\/p>\n","protected":false},"author":13,"featured_media":0,"parent":0,"menu_order":0,"comment_status":"closed","ping_status":"closed","template":"","meta":{"_acf_changed":false,"footnotes":""},"class_list":["post-220","page","type-page","status-publish","hentry"],"acf":[],"_links":{"self":[{"href":"https:\/\/rebbz-nord.hamburg.de\/index.php?rest_route=\/wp\/v2\/pages\/220","targetHints":{"allow":["GET"]}}],"collection":[{"href":"https:\/\/rebbz-nord.hamburg.de\/index.php?rest_route=\/wp\/v2\/pages"}],"about":[{"href":"https:\/\/rebbz-nord.hamburg.de\/index.php?rest_route=\/wp\/v2\/types\/page"}],"author":[{"embeddable":true,"href":"https:\/\/rebbz-nord.hamburg.de\/index.php?rest_route=\/wp\/v2\/users\/13"}],"replies":[{"embeddable":true,"href":"https:\/\/rebbz-nord.hamburg.de\/index.php?rest_route=%2Fwp%2Fv2%2Fcomments&post=220"}],"version-history":[{"count":3,"href":"https:\/\/rebbz-nord.hamburg.de\/index.php?rest_route=\/wp\/v2\/pages\/220\/revisions"}],"predecessor-version":[{"id":1266,"href":"https:\/\/rebbz-nord.hamburg.de\/index.php?rest_route=\/wp\/v2\/pages\/220\/revisions\/1266"}],"wp:attachment":[{"href":"https:\/\/rebbz-nord.hamburg.de\/index.php?rest_route=%2Fwp%2Fv2%2Fmedia&parent=220"}],"curies":[{"name":"wp","href":"https:\/\/api.w.org\/{rel}","templated":true}]}}