{"id":233,"date":"2016-12-06T15:07:35","date_gmt":"2016-12-06T14:07:35","guid":{"rendered":"http:\/\/sandbox.schulhomepages.hamburg.de\/?page_id=233"},"modified":"2025-09-30T09:13:15","modified_gmt":"2025-09-30T07:13:15","slug":"kontakt","status":"publish","type":"page","link":"https:\/\/rebbz-nord.hamburg.de\/?page_id=233","title":{"rendered":"Kontakt Bildungsabteilung"},"content":{"rendered":"<p>Bitte schreiben Sie uns gerne Ihr Anliegen an nachfolgende eMail-Adresse:<\/p>\n<p><a href=\"mailto:rebbz-nord-bildung@bsfb.hamburg.de\">rebbz-nord-bildung@bsfb.hamburg.de<\/a><\/p>\n<p>Um Sie angemessen unterst\u00fctzen und beraten zu k\u00f6nnen, m\u00f6chten wir Sie bitten, dass Sie freiwillig Ihren Namen, eMail-Adresse sowie Ihre Nachricht an uns senden.<br \/>\nDie abgesendeten Daten werden nur zum Zweck der Bearbeitung Ihres Anliegens verarbeitet. Weitere Informationen finden Sie in unserer <a href=\"https:\/\/rebbz-nord.hamburg.de\/?page_id=585\">Datenschutzerkl\u00e4rung<\/a>.<\/p>\n<p>&nbsp;<\/p>\n<div align=\"center\">\n<p>&nbsp;<\/p>\n<p><span style=\"font-family: arial,helvetica,sans-serif;font-size: 12pt\">&nbsp;<\/span><\/p>\n<\/div>\n","protected":false},"excerpt":{"rendered":"<p>Bitte schreiben Sie uns gerne Ihr Anliegen an nachfolgende eMail-Adresse: rebbz-nord-bildung@bsfb.hamburg.de Um Sie angemessen unterst\u00fctzen und beraten zu k\u00f6nnen, m\u00f6chten wir Sie bitten, dass Sie freiwillig Ihren Namen, eMail-Adresse sowie Ihre Nachricht an uns senden. Die abgesendeten Daten werden nur zum Zweck der Bearbeitung Ihres Anliegens verarbeitet. Weitere Informationen finden Sie in unserer Datenschutzerkl\u00e4rung. &nbsp; &hellip; <a href=\"https:\/\/rebbz-nord.hamburg.de\/?page_id=233\" class=\"more-link\"><span class=\"screen-reader-text\">Kontakt Bildungsabteilung<\/span> weiterlesen <span class=\"meta-nav\">&rarr;<\/span><\/a><\/p>\n","protected":false},"author":13,"featured_media":0,"parent":0,"menu_order":0,"comment_status":"closed","ping_status":"closed","template":"","meta":{"_acf_changed":false,"footnotes":""},"class_list":["post-233","page","type-page","status-publish","hentry"],"acf":[],"_links":{"self":[{"href":"https:\/\/rebbz-nord.hamburg.de\/index.php?rest_route=\/wp\/v2\/pages\/233","targetHints":{"allow":["GET"]}}],"collection":[{"href":"https:\/\/rebbz-nord.hamburg.de\/index.php?rest_route=\/wp\/v2\/pages"}],"about":[{"href":"https:\/\/rebbz-nord.hamburg.de\/index.php?rest_route=\/wp\/v2\/types\/page"}],"author":[{"embeddable":true,"href":"https:\/\/rebbz-nord.hamburg.de\/index.php?rest_route=\/wp\/v2\/users\/13"}],"replies":[{"embeddable":true,"href":"https:\/\/rebbz-nord.hamburg.de\/index.php?rest_route=%2Fwp%2Fv2%2Fcomments&post=233"}],"version-history":[{"count":3,"href":"https:\/\/rebbz-nord.hamburg.de\/index.php?rest_route=\/wp\/v2\/pages\/233\/revisions"}],"predecessor-version":[{"id":1686,"href":"https:\/\/rebbz-nord.hamburg.de\/index.php?rest_route=\/wp\/v2\/pages\/233\/revisions\/1686"}],"wp:attachment":[{"href":"https:\/\/rebbz-nord.hamburg.de\/index.php?rest_route=%2Fwp%2Fv2%2Fmedia&parent=233"}],"curies":[{"name":"wp","href":"https:\/\/api.w.org\/{rel}","templated":true}]}}