{"id":240,"date":"2016-12-06T15:07:35","date_gmt":"2016-12-06T14:07:35","guid":{"rendered":"http:\/\/sandbox.schulhomepages.hamburg.de\/?page_id=240"},"modified":"2025-09-30T09:14:28","modified_gmt":"2025-09-30T07:14:28","slug":"verwaltung","status":"publish","type":"page","link":"https:\/\/rebbz-nord.hamburg.de\/?page_id=240","title":{"rendered":"Verwaltung"},"content":{"rendered":"<p>Die Verwaltungsmitarbeiterinnen und &#8211; mitarbeiter in beiden Abteilen sind oft die ersten Ansprechpartnerinnen und Ansprechpartner. Sie k\u00f6nnen Anrufern oder Besuchern bei vielen Themen entweder selbst freundlich und kompetent weiterhelfen oder vermitteln an zust\u00e4ndige Mitarbeiterinnen und Mitarbeiter im ReBBZ Nord.<\/p>\n<p style=\"text-align: justify\"><strong>Gesch\u00e4ftszimmer der Abteilung Bildung (Schulb\u00fcro)<br \/>\n<\/strong>Nadja Najand<br \/>\nTel.: 040\/ 428 88 410<br \/>\nFax: 040\/ 428 88 4122<br \/>\nE-Mail: <a href=\"mailto:rebbz-nord-bildung@bsfb.hamburg.de\">rebbz-nord-bildung@bsfb.hamburg.de<\/a><\/p>\n<p style=\"text-align: justify\"><strong>Gesch\u00e4ftszimmer der Abteilung Beratung<br \/>\n<\/strong>Sabine Lienig<br \/>\nTel. 040\/ 428 12 8202<br \/>\nFax: 040\/ 427 313 542<br \/>\nE-Mail: <a href=\"mailto:rebbz-nord-beratung@bsfb.hamburg.de\">rebbz-nord-beratung@bsfb.hamburg.de<\/a><\/p>\n<p style=\"text-align: justify\">Zust\u00e4ndig f\u00fcr die Geb\u00e4udetechnik und die Au\u00dfenbereiche ist unser Hausmeister, der gerne anpackt und kleinere Reparaturen selbst erledigt.<\/p>\n<p style=\"text-align: justify\"><strong>Hausmeisterb\u00fcro<br \/>\n<\/strong>Serdal Ucar<br \/>\nTel.: 040\/ 428 88 4112<br \/>\nFax: 040\/428 88 4122<br \/>\nE-Mail: <a href=\"mailto:serdal.ucar@sbh.hamburg.de\">serdal.ucar@sbh.hamburg.de<\/a><\/p>\n","protected":false},"excerpt":{"rendered":"<p>Die Verwaltungsmitarbeiterinnen und &#8211; mitarbeiter in beiden Abteilen sind oft die ersten Ansprechpartnerinnen und Ansprechpartner. Sie k\u00f6nnen Anrufern oder Besuchern bei vielen Themen entweder selbst freundlich und kompetent weiterhelfen oder vermitteln an zust\u00e4ndige Mitarbeiterinnen und Mitarbeiter im ReBBZ Nord. Gesch\u00e4ftszimmer der Abteilung Bildung (Schulb\u00fcro) Nadja Najand Tel.: 040\/ 428 88 410 Fax: 040\/ 428 88 &hellip; <a href=\"https:\/\/rebbz-nord.hamburg.de\/?page_id=240\" class=\"more-link\"><span class=\"screen-reader-text\">Verwaltung<\/span> weiterlesen <span class=\"meta-nav\">&rarr;<\/span><\/a><\/p>\n","protected":false},"author":13,"featured_media":0,"parent":0,"menu_order":0,"comment_status":"closed","ping_status":"closed","template":"","meta":{"_acf_changed":false,"footnotes":""},"class_list":["post-240","page","type-page","status-publish","hentry"],"acf":[],"_links":{"self":[{"href":"https:\/\/rebbz-nord.hamburg.de\/index.php?rest_route=\/wp\/v2\/pages\/240","targetHints":{"allow":["GET"]}}],"collection":[{"href":"https:\/\/rebbz-nord.hamburg.de\/index.php?rest_route=\/wp\/v2\/pages"}],"about":[{"href":"https:\/\/rebbz-nord.hamburg.de\/index.php?rest_route=\/wp\/v2\/types\/page"}],"author":[{"embeddable":true,"href":"https:\/\/rebbz-nord.hamburg.de\/index.php?rest_route=\/wp\/v2\/users\/13"}],"replies":[{"embeddable":true,"href":"https:\/\/rebbz-nord.hamburg.de\/index.php?rest_route=%2Fwp%2Fv2%2Fcomments&post=240"}],"version-history":[{"count":9,"href":"https:\/\/rebbz-nord.hamburg.de\/index.php?rest_route=\/wp\/v2\/pages\/240\/revisions"}],"predecessor-version":[{"id":1687,"href":"https:\/\/rebbz-nord.hamburg.de\/index.php?rest_route=\/wp\/v2\/pages\/240\/revisions\/1687"}],"wp:attachment":[{"href":"https:\/\/rebbz-nord.hamburg.de\/index.php?rest_route=%2Fwp%2Fv2%2Fmedia&parent=240"}],"curies":[{"name":"wp","href":"https:\/\/api.w.org\/{rel}","templated":true}]}}