{"id":301,"date":"2016-12-06T15:07:35","date_gmt":"2016-12-06T14:07:35","guid":{"rendered":"http:\/\/sandbox.schulhomepages.hamburg.de\/?page_id=301"},"modified":"2023-04-17T12:27:00","modified_gmt":"2023-04-17T10:27:00","slug":"opferschutz-an-schulen","status":"publish","type":"page","link":"https:\/\/rebbz-nord.hamburg.de\/?page_id=301","title":{"rendered":"Opferschutz an Schulen"},"content":{"rendered":"<p style=\"text-align: justify\">Kommt es an Schulen zu Gewaltvorf\u00e4llen, steht oftmals die Arbeit mit dem T\u00e4ter im Vordergrund.<\/p>\n<p style=\"text-align: justify\">Um auch eine angemessene Begleitung des Opfers sicherzustellen, sind hierf\u00fcr ein Handlungskonzept entwickelt und f\u00fcr die Umsetzung Fachkr\u00e4fte in den ReBBZ speziell ausgebildet worden.<\/p>\n<p style=\"text-align: justify\"><strong>Zu den Aufgaben der Opferschutz-Fachkr\u00e4fte geh\u00f6ren<\/strong><\/p>\n<ul>\n<li style=\"text-align: justify\">Gespr\u00e4che mit den gesch\u00e4digten Sch\u00fclerinnen und Sch\u00fclern, um in einer akuten Belastungssituation Sicherheit, Orientierung, Informationen und Entlastung zu vermitteln, einen gesch\u00fctzten Rahmen herzustellen, Betroffene emotional zu stabilisieren, soziale Ressourcen zu aktivieren, Handlungsstrategien zu entwickeln<\/li>\n<li style=\"text-align: justify\">fr\u00fchzeitige Erfassung von Anzeichen und Signalen einer Traumatisierung<\/li>\n<li style=\"text-align: justify\">Weiterleitung der Betroffenen an geeignete Fachstellen und Institutionen<\/li>\n<li style=\"text-align: justify\">Angebote konstruktiver Wege der Konfliktbew\u00e4ltigung<\/li>\n<li style=\"text-align: justify\">Unterst\u00fctzung bei fachlich vorbereiteter R\u00fcckkehr in den Schulalltag<\/li>\n<li style=\"text-align: justify\">Fallberatung in Schulen (AnsprechpartnerIn f\u00fcr LehrerInnen, Beratungslehrkr\u00e4fte, Schulleitungen, Sorgeberechtigte, Information \u00fcber Unterst\u00fctzungsm\u00f6glichkeiten im Einzelfall)<\/li>\n<li style=\"text-align: justify\">Information f\u00fcr das System Schule \/ Sensibilisierung zur Thematik Opferschutz.<\/li>\n<\/ul>\n","protected":false},"excerpt":{"rendered":"<p>Kommt es an Schulen zu Gewaltvorf\u00e4llen, steht oftmals die Arbeit mit dem T\u00e4ter im Vordergrund. Um auch eine angemessene Begleitung des Opfers sicherzustellen, sind hierf\u00fcr ein Handlungskonzept entwickelt und f\u00fcr die Umsetzung Fachkr\u00e4fte in den ReBBZ speziell ausgebildet worden. Zu den Aufgaben der Opferschutz-Fachkr\u00e4fte geh\u00f6ren Gespr\u00e4che mit den gesch\u00e4digten Sch\u00fclerinnen und Sch\u00fclern, um in einer &hellip; <a href=\"https:\/\/rebbz-nord.hamburg.de\/?page_id=301\" class=\"more-link\"><span class=\"screen-reader-text\">Opferschutz an Schulen<\/span> weiterlesen <span class=\"meta-nav\">&rarr;<\/span><\/a><\/p>\n","protected":false},"author":13,"featured_media":0,"parent":0,"menu_order":0,"comment_status":"closed","ping_status":"closed","template":"","meta":{"_acf_changed":false,"footnotes":""},"class_list":["post-301","page","type-page","status-publish","hentry"],"acf":[],"_links":{"self":[{"href":"https:\/\/rebbz-nord.hamburg.de\/index.php?rest_route=\/wp\/v2\/pages\/301","targetHints":{"allow":["GET"]}}],"collection":[{"href":"https:\/\/rebbz-nord.hamburg.de\/index.php?rest_route=\/wp\/v2\/pages"}],"about":[{"href":"https:\/\/rebbz-nord.hamburg.de\/index.php?rest_route=\/wp\/v2\/types\/page"}],"author":[{"embeddable":true,"href":"https:\/\/rebbz-nord.hamburg.de\/index.php?rest_route=\/wp\/v2\/users\/13"}],"replies":[{"embeddable":true,"href":"https:\/\/rebbz-nord.hamburg.de\/index.php?rest_route=%2Fwp%2Fv2%2Fcomments&post=301"}],"version-history":[{"count":3,"href":"https:\/\/rebbz-nord.hamburg.de\/index.php?rest_route=\/wp\/v2\/pages\/301\/revisions"}],"predecessor-version":[{"id":1260,"href":"https:\/\/rebbz-nord.hamburg.de\/index.php?rest_route=\/wp\/v2\/pages\/301\/revisions\/1260"}],"wp:attachment":[{"href":"https:\/\/rebbz-nord.hamburg.de\/index.php?rest_route=%2Fwp%2Fv2%2Fmedia&parent=301"}],"curies":[{"name":"wp","href":"https:\/\/api.w.org\/{rel}","templated":true}]}}