{"id":450,"date":"2016-12-06T15:07:35","date_gmt":"2016-12-06T14:07:35","guid":{"rendered":"http:\/\/sandbox.schulhomepages.hamburg.de\/?page_id=450"},"modified":"2017-07-12T13:04:32","modified_gmt":"2017-07-12T11:04:32","slug":"einzelberatung","status":"publish","type":"page","link":"https:\/\/rebbz-nord.hamburg.de\/?page_id=450","title":{"rendered":"Einzelberatung"},"content":{"rendered":"<p style=\"text-align: justify\">Wir beraten und unterst\u00fctzen einzelne Personen bei schulischen Problemen oder bei schulischen Fragestellungen. Unsere Einzelberatung ist ein Prozess, in dem wir gemeinsam mit den Anfragenden das konkrete Anliegen, m\u00f6gliche Ma\u00dfnahmen und eine individuell passende L\u00f6sung erarbeiten.<\/p>\n<p style=\"text-align: justify\">Wegen einer Einzelberatung k\u00f6nnen sich an uns wenden<\/p>\n<ul style=\"text-align: justify\">\n<li>Eltern \/ Sorgeberechtigte<\/li>\n<li>Lehrkr\u00e4fte, schulische Fachkr\u00e4fte<\/li>\n<li>Sch\u00fclerinnen und Sch\u00fcler<\/li>\n<\/ul>\n<p style=\"text-align: justify\">Zu einer Einzelberatung geh\u00f6ren z. B.<\/p>\n<ul>\n<li style=\"text-align: justify\">Einzelgespr\u00e4che mit den Beteiligten<\/li>\n<li style=\"text-align: justify\">Diagnostik (z.B. Gespr\u00e4che, Unterrichtsbeobachtungen, Testdiagnostik, Frageb\u00f6gen)<\/li>\n<li style=\"text-align: justify\">Die Einbeziehung weiterer Beteiligter, z. B. an einem Runden Tisch, mit Einverst\u00e4ndnis des Anfragenden, um ein gemeinsames Fallverst\u00e4ndnis zu erarbeiten, Informationen auszutauschen oder konkrete Ma\u00dfnahmen zu vereinbaren<\/li>\n<li style=\"text-align: justify\">Kooperation und Vernetzung mit anderen Fachkr\u00e4ften<\/li>\n<li style=\"text-align: justify\">Weiterleiten des Anfragenden an andere Fachstellen (z.B. an Fach\u00e4rzte, Klinken, Beratungsstellen oder Jugendhilfeeinrichtungen).<\/li>\n<\/ul>\n","protected":false},"excerpt":{"rendered":"<p>Wir beraten und unterst\u00fctzen einzelne Personen bei schulischen Problemen oder bei schulischen Fragestellungen. Unsere Einzelberatung ist ein Prozess, in dem wir gemeinsam mit den Anfragenden das konkrete Anliegen, m\u00f6gliche Ma\u00dfnahmen und eine individuell passende L\u00f6sung erarbeiten. Wegen einer Einzelberatung k\u00f6nnen sich an uns wenden Eltern \/ Sorgeberechtigte Lehrkr\u00e4fte, schulische Fachkr\u00e4fte Sch\u00fclerinnen und Sch\u00fcler Zu einer &hellip; <a href=\"https:\/\/rebbz-nord.hamburg.de\/?page_id=450\" class=\"more-link\"><span class=\"screen-reader-text\">Einzelberatung<\/span> weiterlesen <span class=\"meta-nav\">&rarr;<\/span><\/a><\/p>\n","protected":false},"author":13,"featured_media":0,"parent":0,"menu_order":0,"comment_status":"closed","ping_status":"closed","template":"","meta":{"_acf_changed":false,"footnotes":""},"class_list":["post-450","page","type-page","status-publish","hentry"],"acf":[],"_links":{"self":[{"href":"https:\/\/rebbz-nord.hamburg.de\/index.php?rest_route=\/wp\/v2\/pages\/450","targetHints":{"allow":["GET"]}}],"collection":[{"href":"https:\/\/rebbz-nord.hamburg.de\/index.php?rest_route=\/wp\/v2\/pages"}],"about":[{"href":"https:\/\/rebbz-nord.hamburg.de\/index.php?rest_route=\/wp\/v2\/types\/page"}],"author":[{"embeddable":true,"href":"https:\/\/rebbz-nord.hamburg.de\/index.php?rest_route=\/wp\/v2\/users\/13"}],"replies":[{"embeddable":true,"href":"https:\/\/rebbz-nord.hamburg.de\/index.php?rest_route=%2Fwp%2Fv2%2Fcomments&post=450"}],"version-history":[{"count":0,"href":"https:\/\/rebbz-nord.hamburg.de\/index.php?rest_route=\/wp\/v2\/pages\/450\/revisions"}],"wp:attachment":[{"href":"https:\/\/rebbz-nord.hamburg.de\/index.php?rest_route=%2Fwp%2Fv2%2Fmedia&parent=450"}],"curies":[{"name":"wp","href":"https:\/\/api.w.org\/{rel}","templated":true}]}}