{"id":467,"date":"2016-12-06T15:07:35","date_gmt":"2016-12-06T14:07:35","guid":{"rendered":"http:\/\/sandbox.schulhomepages.hamburg.de\/?page_id=467"},"modified":"2023-04-17T12:30:24","modified_gmt":"2023-04-17T10:30:24","slug":"so-arbeiten-wir","status":"publish","type":"page","link":"https:\/\/rebbz-nord.hamburg.de\/?page_id=467","title":{"rendered":"So arbeiten wir"},"content":{"rendered":"<p style=\"text-align: justify\">Bei allen schulischen Problemen und Fragestellungen k\u00f6nnen sich Sorgeberechtigte, Sch\u00fclerinnen und Sch\u00fcler sowie Lehrkr\u00e4fte an unsere Beratungsabteilung wenden, genauso wie alle au\u00dferschulischen Partner, die sich f\u00fcr eine gelingende Schullaufbahn eines Kindes einsetzen. Unser Auftrag und Ziel ist es, in jedem Einzelfall eine konstruktive und f\u00fcr alle entlastende L\u00f6sung zu finden. Wir beraten allparteilich und vertraulich und vermitteln bei Bedarf zwischen den Beteiligten.<\/p>\n<p style=\"text-align: justify\">Um Beratung und Unterst\u00fctzung durch unsere Beratungsabteilung zu erhalten, ist eine Anmeldung erforderlich. Diese kann telefonisch, pers\u00f6nlich, per Mail oder per Fax erfolgen. Wir nehmen jede Anfrage ernst, reagieren dementsprechend zeitnah und verabreden mit den Anfragenden das weitere Vorgehen.<\/p>\n<p style=\"text-align: justify\">Wir beraten und unterst\u00fctzen auf Anfrage<\/p>\n<ul>\n<li style=\"text-align: justify\">bei allen Schulschwierigkeiten, z. B. Leistungsproblemen, Konflikten oder seelischen Problemen, die sich auf den Schulalltag auswirken<\/li>\n<li style=\"text-align: justify\">in akuten Krisensituationen, z. B. nach einem Gewaltvorfall oder bei Mobbing<\/li>\n<li style=\"text-align: justify\">wenn Fehlzeiten zum Problem werden<\/li>\n<li style=\"text-align: justify\">in Fragen der sonderp\u00e4dagogischen Diagnostik<\/li>\n<li style=\"text-align: justify\">durch die Begleitung von integrativen und tempor\u00e4ren Unterst\u00fctzungsangeboten f\u00fcr Sch\u00fclerinnen und Sch\u00fcler, die besondere p\u00e4dagogische und sozialp\u00e4dagogische Angebote ben\u00f6tigen. Hier kooperieren wir eng mit allgemeinen Schulen und mit der Jugendhilfe<\/li>\n<li style=\"text-align: justify\">bei der Frage, ob Schulbegleitung eine sinnvolle Unterst\u00fctzungs- ma\u00dfnahme sein kann<\/li>\n<li style=\"text-align: justify\">bei der Gestaltung und Ver\u00e4nderung von p\u00e4dagogischen Angeboten und Strukturen in der Schule<\/li>\n<li style=\"text-align: justify\">durch Moderation und Mediation<\/li>\n<\/ul>\n","protected":false},"excerpt":{"rendered":"<p>Bei allen schulischen Problemen und Fragestellungen k\u00f6nnen sich Sorgeberechtigte, Sch\u00fclerinnen und Sch\u00fcler sowie Lehrkr\u00e4fte an unsere Beratungsabteilung wenden, genauso wie alle au\u00dferschulischen Partner, die sich f\u00fcr eine gelingende Schullaufbahn eines Kindes einsetzen. Unser Auftrag und Ziel ist es, in jedem Einzelfall eine konstruktive und f\u00fcr alle entlastende L\u00f6sung zu finden. Wir beraten allparteilich und vertraulich &hellip; <a href=\"https:\/\/rebbz-nord.hamburg.de\/?page_id=467\" class=\"more-link\"><span class=\"screen-reader-text\">So arbeiten wir<\/span> weiterlesen <span class=\"meta-nav\">&rarr;<\/span><\/a><\/p>\n","protected":false},"author":13,"featured_media":0,"parent":0,"menu_order":0,"comment_status":"closed","ping_status":"closed","template":"","meta":{"_acf_changed":false,"footnotes":""},"class_list":["post-467","page","type-page","status-publish","hentry"],"acf":[],"_links":{"self":[{"href":"https:\/\/rebbz-nord.hamburg.de\/index.php?rest_route=\/wp\/v2\/pages\/467","targetHints":{"allow":["GET"]}}],"collection":[{"href":"https:\/\/rebbz-nord.hamburg.de\/index.php?rest_route=\/wp\/v2\/pages"}],"about":[{"href":"https:\/\/rebbz-nord.hamburg.de\/index.php?rest_route=\/wp\/v2\/types\/page"}],"author":[{"embeddable":true,"href":"https:\/\/rebbz-nord.hamburg.de\/index.php?rest_route=\/wp\/v2\/users\/13"}],"replies":[{"embeddable":true,"href":"https:\/\/rebbz-nord.hamburg.de\/index.php?rest_route=%2Fwp%2Fv2%2Fcomments&post=467"}],"version-history":[{"count":1,"href":"https:\/\/rebbz-nord.hamburg.de\/index.php?rest_route=\/wp\/v2\/pages\/467\/revisions"}],"predecessor-version":[{"id":1265,"href":"https:\/\/rebbz-nord.hamburg.de\/index.php?rest_route=\/wp\/v2\/pages\/467\/revisions\/1265"}],"wp:attachment":[{"href":"https:\/\/rebbz-nord.hamburg.de\/index.php?rest_route=%2Fwp%2Fv2%2Fmedia&parent=467"}],"curies":[{"name":"wp","href":"https:\/\/api.w.org\/{rel}","templated":true}]}}