{"id":471,"date":"2016-12-06T15:07:35","date_gmt":"2016-12-06T14:07:35","guid":{"rendered":"http:\/\/sandbox.schulhomepages.hamburg.de\/?page_id=471"},"modified":"2017-07-12T13:51:10","modified_gmt":"2017-07-12T11:51:10","slug":"kooperation-mit-anderen-fachstellen","status":"publish","type":"page","link":"https:\/\/rebbz-nord.hamburg.de\/?page_id=471","title":{"rendered":"Kooperation mit anderen Fachstellen"},"content":{"rendered":"<p style=\"text-align: justify\">Unser ReBBZ-Beratungsteam versteht sich als Ansprechpartner f\u00fcr Probleme im schulischen Bereich, bei Bedarf werden spezielle Einrichtungen hinzu gezogen.<\/p>\n<p style=\"text-align: justify\">Eine enge Kooperation besteht insbesondere mit<\/p>\n<ul style=\"text-align: justify\">\n<li>Freien Tr\u00e4gern der Jugendhilfe: Sozialarbeit im Norden und Nordlicht e.V.<\/li>\n<li>den Jugendpsychologischen\/-psychiatrischen Diensten (JPD)<\/li>\n<li>den Erziehungsberatungsstellen<\/li>\n<li>dem Allgemeinen Sozialen Dienst\/ den Jugend\u00e4mtern (ASD)<\/li>\n<li>dem Schul\u00e4rztlichen Dienst<\/li>\n<li>Regionalen Einrichtungen wie: Wilhelmstift, Universit\u00e4tskrankenhaus Eppendorf (UKE), Werner-Otto-Institut (WOI),<\/li>\n<li>der Beratungsstelle Gewaltpr\u00e4vention<\/li>\n<li>dem Suchtpr\u00e4ventionszentrum (SPZ)<\/li>\n<li>den bezirklichen Kinderschutzkoordinatoren<\/li>\n<li>den Jugendbeauftragten der Polizei Hamburg<\/li>\n<li>dem Beratungszentrum der Beruflichen Schulen (BZBS)<\/li>\n<\/ul>\n<p style=\"text-align: justify\">Dar\u00fcber hinaus bestehen Kontakte zu freien Tr\u00e4gern der Jugendhilfe und \u00c4rzten und Therapeuten.<\/p>\n","protected":false},"excerpt":{"rendered":"<p>Unser ReBBZ-Beratungsteam versteht sich als Ansprechpartner f\u00fcr Probleme im schulischen Bereich, bei Bedarf werden spezielle Einrichtungen hinzu gezogen. Eine enge Kooperation besteht insbesondere mit Freien Tr\u00e4gern der Jugendhilfe: Sozialarbeit im Norden und Nordlicht e.V. den Jugendpsychologischen\/-psychiatrischen Diensten (JPD) den Erziehungsberatungsstellen dem Allgemeinen Sozialen Dienst\/ den Jugend\u00e4mtern (ASD) dem Schul\u00e4rztlichen Dienst Regionalen Einrichtungen wie: Wilhelmstift, Universit\u00e4tskrankenhaus &hellip; <a href=\"https:\/\/rebbz-nord.hamburg.de\/?page_id=471\" class=\"more-link\"><span class=\"screen-reader-text\">Kooperation mit anderen Fachstellen<\/span> weiterlesen <span class=\"meta-nav\">&rarr;<\/span><\/a><\/p>\n","protected":false},"author":13,"featured_media":0,"parent":0,"menu_order":0,"comment_status":"closed","ping_status":"closed","template":"","meta":{"_acf_changed":false,"footnotes":""},"class_list":["post-471","page","type-page","status-publish","hentry"],"acf":[],"_links":{"self":[{"href":"https:\/\/rebbz-nord.hamburg.de\/index.php?rest_route=\/wp\/v2\/pages\/471","targetHints":{"allow":["GET"]}}],"collection":[{"href":"https:\/\/rebbz-nord.hamburg.de\/index.php?rest_route=\/wp\/v2\/pages"}],"about":[{"href":"https:\/\/rebbz-nord.hamburg.de\/index.php?rest_route=\/wp\/v2\/types\/page"}],"author":[{"embeddable":true,"href":"https:\/\/rebbz-nord.hamburg.de\/index.php?rest_route=\/wp\/v2\/users\/13"}],"replies":[{"embeddable":true,"href":"https:\/\/rebbz-nord.hamburg.de\/index.php?rest_route=%2Fwp%2Fv2%2Fcomments&post=471"}],"version-history":[{"count":0,"href":"https:\/\/rebbz-nord.hamburg.de\/index.php?rest_route=\/wp\/v2\/pages\/471\/revisions"}],"wp:attachment":[{"href":"https:\/\/rebbz-nord.hamburg.de\/index.php?rest_route=%2Fwp%2Fv2%2Fmedia&parent=471"}],"curies":[{"name":"wp","href":"https:\/\/api.w.org\/{rel}","templated":true}]}}