{"id":501,"date":"2017-01-26T12:41:34","date_gmt":"2017-01-26T11:41:34","guid":{"rendered":"http:\/\/rebbz-nord.hamburg.de\/?page_id=501"},"modified":"2023-06-02T14:08:55","modified_gmt":"2023-06-02T12:08:55","slug":"unterricht","status":"publish","type":"page","link":"https:\/\/rebbz-nord.hamburg.de\/?page_id=501","title":{"rendered":"Unterricht"},"content":{"rendered":"<p style=\"text-align: justify\">Grundlage des Unterrichts in der Bildungsabteilung im Regionalen Bildungs- und Beratungszentrum Nord (Robert-Koch-Schule) ist eine umfassende F\u00f6rderdiagnostik, die die St\u00e4rken und Schw\u00e4chen jedes Kindes herausarbeitet, um die individuellen Bed\u00fcrfnisse und Interessen zu ber\u00fccksichtigen sowie die Potentiale zu st\u00e4rken. Aus dieser Diagnostik leiten die Lehrkr\u00e4fte F\u00f6rderpl\u00e4ne f\u00fcr jedes Kind ab, in denen individuelle F\u00f6rderziele festgelegt, Methoden f\u00fcr das Erreichen dieser Ziele beschrieben und Entwicklungschancen in den Vordergrund gestellt werden. Die F\u00f6rderpl\u00e4ne werden halbj\u00e4hrlich aktualisiert und mit den Sch\u00fclerInnen jeweils im Oktober und Februar in den Lernentwicklungsgespr\u00e4chen (LEGs) besprochen. In Anwesenheit der Erziehungsberechtigten wird darauf geschaut, welche Ziele die Kinder bereits erreichen konnten und welche neuen gesetzt werden k\u00f6nnen.<img loading=\"lazy\" decoding=\"async\" class=\"size-medium wp-image-740 aligncenter\" src=\"https:\/\/rebbz-nord.hamburg.de\/wp-content\/uploads\/sites\/673\/2020\/10\/Klassenraum-300x169.jpg\" alt=\"\" width=\"300\" height=\"169\" srcset=\"https:\/\/rebbz-nord.hamburg.de\/wp-content\/uploads\/sites\/673\/2020\/10\/Klassenraum-300x169.jpg 300w, https:\/\/rebbz-nord.hamburg.de\/wp-content\/uploads\/sites\/673\/2020\/10\/Klassenraum-1024x576.jpg 1024w, https:\/\/rebbz-nord.hamburg.de\/wp-content\/uploads\/sites\/673\/2020\/10\/Klassenraum-768x432.jpg 768w, https:\/\/rebbz-nord.hamburg.de\/wp-content\/uploads\/sites\/673\/2020\/10\/Klassenraum-1536x864.jpg 1536w, https:\/\/rebbz-nord.hamburg.de\/wp-content\/uploads\/sites\/673\/2020\/10\/Klassenraum.jpg 1600w\" sizes=\"auto, (max-width: 300px) 100vw, 300px\" \/><\/p>\n<p style=\"text-align: justify\">Jedes Kind arbeitet dabei individuell an den eigenen Zielen aus den F\u00f6rderpl\u00e4nen und in selbst gesetztem Lerntempo, ohne dabei den Gesamtzusammenhang in der Gruppe aus den Augen zu verlieren. Dies gelingt z.B. durch den Einsatz individueller Wochenpl\u00e4ne, abgestimmt auf die Hamburger Bildungspl\u00e4ne. Selbstst\u00e4ndig gef\u00fchrte Logb\u00fccher in den h\u00f6heren Klassen unterst\u00fctzen die Sch\u00fclerInnen zunehmend bei der Selbstorganisation ihrer Lernprozesse. Kleine Lerngruppen und eine intensive individuelle Begleitung durch die Lehrkr\u00e4fte, h\u00e4ufig mit zus\u00e4tzlicher Unterst\u00fctzung von SchulbegleiterInnen und Lernf\u00f6rderkr\u00e4ften schaffen geeignete Rahmenbedingungen f\u00fcr die Erreichung der F\u00f6rderziele.<img loading=\"lazy\" decoding=\"async\" class=\"aligncenter\" src=\"https:\/\/rebbz-nord.hamburg.de\/wp-content\/uploads\/sites\/673\/2023\/03\/Wochenplan.jpg\" alt=\"\" width=\"248\" height=\"331\"><\/p>\n<p style=\"text-align: justify\">Lernprobleme und sprachliche Beeintr\u00e4chtigungen gehen bei vielen Sch\u00fclerInnen einher mit Auff\u00e4lligkeiten in der Motorik, der Wahrnehmung oder der emotionalen und sozialen Entwicklung.&nbsp; Von besonderer Bedeutung ist daher f\u00fcr die Unterrichtsgestaltung:<\/p>\n<ul>\n<li style=\"text-align: justify\">eine Differenzierung der Lerninhalte und Lehrmethoden nach Art und Umfang<\/li>\n<li style=\"text-align: justify\">wechselnde Phasen von Anspannung und Entspannung (Rhythmisierung) mit h\u00e4ufigem Methodenwechsel<\/li>\n<li style=\"text-align: justify\">ein besonderer Fokus auf Lerninhalte aus der Lebens- und Erfahrungswelt der Sch\u00fclerInnen<\/li>\n<li style=\"text-align: justify\">ein psychomotorisches Angebot f\u00fcr die j\u00fcngeren Sch\u00fclerInnen und viel Raum f\u00fcr Sport und Bewegung f\u00fcr die \u00c4lteren sowie ein umfangreicher Schwimmunterricht<\/li>\n<li style=\"text-align: justify\">ein Training zur F\u00f6rderung sozialer Kompetenzen<\/li>\n<li style=\"text-align: justify\">ein umfangreiches JeKi-Angebot (\u201eJedem Kind ein Instrument\u201c) mit der M\u00f6glichkeit, die erlernten Musikst\u00fccke im Rahmen unserer Schulfeste auf die B\u00fchne zu bringen<\/li>\n<li style=\"text-align: justify\">der regelm\u00e4\u00dfige Einsatz des C-Touch in jeder Klasse, h\u00e4ufig in Kombination mit individuellen Endger\u00e4ten (z.B. ein Tablet) f\u00fcr jedes Kind<\/li>\n<\/ul>\n","protected":false},"excerpt":{"rendered":"<p>Grundlage des Unterrichts in der Bildungsabteilung im Regionalen Bildungs- und Beratungszentrum Nord (Robert-Koch-Schule) ist eine umfassende F\u00f6rderdiagnostik, die die St\u00e4rken und Schw\u00e4chen jedes Kindes herausarbeitet, um die individuellen Bed\u00fcrfnisse und Interessen zu ber\u00fccksichtigen sowie die Potentiale zu st\u00e4rken. Aus dieser Diagnostik leiten die Lehrkr\u00e4fte F\u00f6rderpl\u00e4ne f\u00fcr jedes Kind ab, in denen individuelle F\u00f6rderziele festgelegt, Methoden &hellip; <a href=\"https:\/\/rebbz-nord.hamburg.de\/?page_id=501\" class=\"more-link\"><span class=\"screen-reader-text\">Unterricht<\/span> weiterlesen <span class=\"meta-nav\">&rarr;<\/span><\/a><\/p>\n","protected":false},"author":646,"featured_media":0,"parent":0,"menu_order":0,"comment_status":"closed","ping_status":"closed","template":"","meta":{"_acf_changed":false,"footnotes":""},"class_list":["post-501","page","type-page","status-publish","hentry"],"acf":[],"_links":{"self":[{"href":"https:\/\/rebbz-nord.hamburg.de\/index.php?rest_route=\/wp\/v2\/pages\/501","targetHints":{"allow":["GET"]}}],"collection":[{"href":"https:\/\/rebbz-nord.hamburg.de\/index.php?rest_route=\/wp\/v2\/pages"}],"about":[{"href":"https:\/\/rebbz-nord.hamburg.de\/index.php?rest_route=\/wp\/v2\/types\/page"}],"author":[{"embeddable":true,"href":"https:\/\/rebbz-nord.hamburg.de\/index.php?rest_route=\/wp\/v2\/users\/646"}],"replies":[{"embeddable":true,"href":"https:\/\/rebbz-nord.hamburg.de\/index.php?rest_route=%2Fwp%2Fv2%2Fcomments&post=501"}],"version-history":[{"count":7,"href":"https:\/\/rebbz-nord.hamburg.de\/index.php?rest_route=\/wp\/v2\/pages\/501\/revisions"}],"predecessor-version":[{"id":1317,"href":"https:\/\/rebbz-nord.hamburg.de\/index.php?rest_route=\/wp\/v2\/pages\/501\/revisions\/1317"}],"wp:attachment":[{"href":"https:\/\/rebbz-nord.hamburg.de\/index.php?rest_route=%2Fwp%2Fv2%2Fmedia&parent=501"}],"curies":[{"name":"wp","href":"https:\/\/api.w.org\/{rel}","templated":true}]}}