{"id":518,"date":"2017-01-26T15:13:02","date_gmt":"2017-01-26T14:13:02","guid":{"rendered":"http:\/\/rebbz-nord.hamburg.de\/?page_id=518"},"modified":"2018-10-25T13:56:40","modified_gmt":"2018-10-25T11:56:40","slug":"etep-epu","status":"publish","type":"page","link":"https:\/\/rebbz-nord.hamburg.de\/?page_id=518","title":{"rendered":"ETEP \/ EPU"},"content":{"rendered":"<p style=\"text-align: justify\">ETEP (Entwicklungstheorie\/Entwicklungsp\u00e4dagogik) ist eine spezielle P\u00e4dagogik und F\u00f6rderung, die den Blick auf die St\u00e4rken von Kindern richtet und diese in ihrer sozialen und emotionalen Entwicklung unterst\u00fctzt.<\/p>\n<p style=\"text-align: justify\">Unter der Anleitung unserer fachlich ausgebildeten Lehrkr\u00e4fte erwerben Sch\u00fclerinnen und Sch\u00fcler Kompetenzen, die ihnen\u00a0 ein erfolgreiches Lernen in der Schule erm\u00f6glichen.<\/p>\n<p style=\"text-align: justify\">Dazu werden<\/p>\n<ul>\n<li style=\"text-align: justify\">die Verhaltensentwicklung von Kindern diagnostiziert<\/li>\n<li style=\"text-align: justify\">individuelle F\u00f6rderziele definiert<\/li>\n<li style=\"text-align: justify\">F\u00f6rderma\u00dfnahmen geplant<\/li>\n<li style=\"text-align: justify\">Fortschritte gemessen<\/li>\n<\/ul>\n<p style=\"text-align: justify\">EPU (Entwicklungsp\u00e4dagogischer Unterricht) ist die schulbezogene Umsetzung der Grunds\u00e4tze von ETEP. Wir beachten sowohl im Unterricht als auch z.B. in unseren Schulregeln diese Grunds\u00e4tze, indem wir z.B. Aufforderungen an Sch\u00fclerinnen und Sch\u00fcler grunds\u00e4tzlich positiv formulieren.<\/p>\n<p style=\"text-align: justify\"><strong>EPU<\/strong><\/p>\n<ul>\n<li style=\"text-align: justify\">folgt der Entwicklungslogik, d.h. auf der Grundlage des individuellen emotionalen Entwicklungsstandes\u00a0 jedes Kindes werden dazu passende Lernziele mit den Kindern verabredet<\/li>\n<li style=\"text-align: justify\">f\u00f6rdert die sozial-emotionale Entwicklung und das Verhalten des Kindes<\/li>\n<li style=\"text-align: justify\">st\u00e4rkt das Selbstbewusstsein der Kinder<\/li>\n<li style=\"text-align: justify\">zeigt Kindern alternative angemessene Verhaltensweisen auf<\/li>\n<li style=\"text-align: justify\">sichert Freude und Erfolg am Lernen<\/li>\n<li style=\"text-align: justify\">arbeitet mit Klassenzielen und individuellen Zielen<\/li>\n<\/ul>\n<p style=\"text-align: justify\">Ansprechpartnerin f\u00fcr den Bereich ETEP ist M. Stenger (regionale ETEP-Trainerin).<\/p>\n","protected":false},"excerpt":{"rendered":"<p>ETEP (Entwicklungstheorie\/Entwicklungsp\u00e4dagogik) ist eine spezielle P\u00e4dagogik und F\u00f6rderung, die den Blick auf die St\u00e4rken von Kindern richtet und diese in ihrer sozialen und emotionalen Entwicklung unterst\u00fctzt. Unter der Anleitung unserer fachlich ausgebildeten Lehrkr\u00e4fte erwerben Sch\u00fclerinnen und Sch\u00fcler Kompetenzen, die ihnen\u00a0 ein erfolgreiches Lernen in der Schule erm\u00f6glichen. Dazu werden die Verhaltensentwicklung von Kindern diagnostiziert individuelle &hellip; <a href=\"https:\/\/rebbz-nord.hamburg.de\/?page_id=518\" class=\"more-link\"><span class=\"screen-reader-text\">ETEP \/ EPU<\/span> weiterlesen <span class=\"meta-nav\">&rarr;<\/span><\/a><\/p>\n","protected":false},"author":721,"featured_media":0,"parent":0,"menu_order":0,"comment_status":"closed","ping_status":"closed","template":"","meta":{"_acf_changed":false,"footnotes":""},"class_list":["post-518","page","type-page","status-publish","hentry"],"acf":[],"_links":{"self":[{"href":"https:\/\/rebbz-nord.hamburg.de\/index.php?rest_route=\/wp\/v2\/pages\/518","targetHints":{"allow":["GET"]}}],"collection":[{"href":"https:\/\/rebbz-nord.hamburg.de\/index.php?rest_route=\/wp\/v2\/pages"}],"about":[{"href":"https:\/\/rebbz-nord.hamburg.de\/index.php?rest_route=\/wp\/v2\/types\/page"}],"author":[{"embeddable":true,"href":"https:\/\/rebbz-nord.hamburg.de\/index.php?rest_route=\/wp\/v2\/users\/721"}],"replies":[{"embeddable":true,"href":"https:\/\/rebbz-nord.hamburg.de\/index.php?rest_route=%2Fwp%2Fv2%2Fcomments&post=518"}],"version-history":[{"count":1,"href":"https:\/\/rebbz-nord.hamburg.de\/index.php?rest_route=\/wp\/v2\/pages\/518\/revisions"}],"predecessor-version":[{"id":555,"href":"https:\/\/rebbz-nord.hamburg.de\/index.php?rest_route=\/wp\/v2\/pages\/518\/revisions\/555"}],"wp:attachment":[{"href":"https:\/\/rebbz-nord.hamburg.de\/index.php?rest_route=%2Fwp%2Fv2%2Fmedia&parent=518"}],"curies":[{"name":"wp","href":"https:\/\/api.w.org\/{rel}","templated":true}]}}