{"id":520,"date":"2017-01-26T15:14:57","date_gmt":"2017-01-26T14:14:57","guid":{"rendered":"http:\/\/rebbz-nord.hamburg.de\/?page_id=520"},"modified":"2023-03-13T18:50:30","modified_gmt":"2023-03-13T17:50:30","slug":"kompass","status":"publish","type":"page","link":"https:\/\/rebbz-nord.hamburg.de\/?page_id=520","title":{"rendered":"Berufsorientierung und ESA &#8211; Lernen in Schule und Betrieb"},"content":{"rendered":"<p>Die Sch\u00fclerinnen und Sch\u00fcler der Klassenstufen 8, 9 und 10 bereiten sich Schritt f\u00fcr Schritt auf den \u00dcbergang in die Berufswelt vor. Je nach ihren individuellen St\u00e4rken und Interessen werden unterschiedliche Schwerpunkte gesetzt:<\/p>\n<ul>\n<li>Diejenigen, die sich f\u00fcr ihren \u00dcbergang in die Berufswelt st\u00e4rker praktisch orientieren wollen, nehmen, neben dem schulischen Lernen, an Praxisangeboten im Schulalltag teil und sammeln <strong>an zwei Tagen<\/strong> praktische Erfahrungen in ihren Praktikumsbetrieben.<\/li>\n<li>Diejenigen, die in Klasse 10 an der Pr\u00fcfung zum <strong>\u201eErsten Allgemeinbildenden Schulabschluss\u201c<\/strong> (ESA) teilnehmen, haben verst\u00e4rkt Unterricht in den Pr\u00fcfungsf\u00e4chern und lernen <strong>an einem Tag<\/strong> in der Woche im Betrieb.<\/li>\n<\/ul>\n<p>Insgesamt absolvieren sie vier Betriebspraktika nach dem \u201eKompass\u201c-Modell; jeweils \u00fcber einen Zeitraum von 12 Wochen. W\u00e4hrend des Praktikums werden die Sch\u00fclerinnen und Sch\u00fcler von ihrem schulischen Mentor\/ihrer Mentorin unterst\u00fctzt und begleitet. Am \u201eKompasstag\u201c in der Schule wird gelernt, wie man einen Lebenslauf und eine Bewerbung schreibt, sich vorstellt und erfolgreich einen Praktikumsplatz findet. Es werden Berichtshefte gef\u00fchrt und Praktikumserfahrungen ausgetauscht. Jede\/-r bereitet eine Pr\u00e4sentation des eigenen Praktikums vor.<\/p>\n<p>Durch diese Form der praxisbezogenen Berufsorientierung lernen die Sch\u00fclerinnen und Sch\u00fcler unterschiedliche Berufsbereiche kennen, entdecken eigene Schwerpunkte, Interessen, F\u00e4higkeiten und gehen gut vorbereitet in eine Ausbildung oder die berufs- und ausbildungsvorbereitenden Angebote der beruflichen Schulen.<\/p>\n","protected":false},"excerpt":{"rendered":"<p>Die Sch\u00fclerinnen und Sch\u00fcler der Klassenstufen 8, 9 und 10 bereiten sich Schritt f\u00fcr Schritt auf den \u00dcbergang in die Berufswelt vor. Je nach ihren individuellen St\u00e4rken und Interessen werden unterschiedliche Schwerpunkte gesetzt: Diejenigen, die sich f\u00fcr ihren \u00dcbergang in die Berufswelt st\u00e4rker praktisch orientieren wollen, nehmen, neben dem schulischen Lernen, an Praxisangeboten im Schulalltag &hellip; <a href=\"https:\/\/rebbz-nord.hamburg.de\/?page_id=520\" class=\"more-link\"><span class=\"screen-reader-text\">Berufsorientierung und ESA &#8211; Lernen in Schule und Betrieb<\/span> weiterlesen <span class=\"meta-nav\">&rarr;<\/span><\/a><\/p>\n","protected":false},"author":721,"featured_media":0,"parent":0,"menu_order":0,"comment_status":"closed","ping_status":"closed","template":"","meta":{"_acf_changed":false,"footnotes":""},"class_list":["post-520","page","type-page","status-publish","hentry"],"acf":[],"_links":{"self":[{"href":"https:\/\/rebbz-nord.hamburg.de\/index.php?rest_route=\/wp\/v2\/pages\/520","targetHints":{"allow":["GET"]}}],"collection":[{"href":"https:\/\/rebbz-nord.hamburg.de\/index.php?rest_route=\/wp\/v2\/pages"}],"about":[{"href":"https:\/\/rebbz-nord.hamburg.de\/index.php?rest_route=\/wp\/v2\/types\/page"}],"author":[{"embeddable":true,"href":"https:\/\/rebbz-nord.hamburg.de\/index.php?rest_route=\/wp\/v2\/users\/721"}],"replies":[{"embeddable":true,"href":"https:\/\/rebbz-nord.hamburg.de\/index.php?rest_route=%2Fwp%2Fv2%2Fcomments&post=520"}],"version-history":[{"count":4,"href":"https:\/\/rebbz-nord.hamburg.de\/index.php?rest_route=\/wp\/v2\/pages\/520\/revisions"}],"predecessor-version":[{"id":1178,"href":"https:\/\/rebbz-nord.hamburg.de\/index.php?rest_route=\/wp\/v2\/pages\/520\/revisions\/1178"}],"wp:attachment":[{"href":"https:\/\/rebbz-nord.hamburg.de\/index.php?rest_route=%2Fwp%2Fv2%2Fmedia&parent=520"}],"curies":[{"name":"wp","href":"https:\/\/api.w.org\/{rel}","templated":true}]}}