{"id":529,"date":"2017-01-26T15:46:20","date_gmt":"2017-01-26T14:46:20","guid":{"rendered":"http:\/\/rebbz-nord.hamburg.de\/?page_id=529"},"modified":"2023-06-02T14:07:57","modified_gmt":"2023-06-02T12:07:57","slug":"musik","status":"publish","type":"page","link":"https:\/\/rebbz-nord.hamburg.de\/?page_id=529","title":{"rendered":"Musik am ReBBZ Nord"},"content":{"rendered":"<p style=\"text-align: justify\">Als JeKI-Schule unterrichten zwei Musiklehrkr\u00e4fte die Schulklassen in der Primarstufe (Klassen 1 \u2013 4), sowie in der Mittelstufe (Klassen 5 und 6). Wir verf\u00fcgen \u00fcber zwei professionell ausgestattete <strong>Musikr\u00e4ume<\/strong>, in denen differenziert und an unserer Sch\u00fclerschaft angepasst gearbeitet werden kann. Au\u00dferdem gibt es einen kleinen \u00dcbungsraum, in dem auch in den Pausen ge\u00fcbt werden kann. In der Primarstufe wird viel gesungen und die Kinder lernen, mit traditionellen Holzinstrumenten, wie Xylophonen, Bassklangst\u00e4ben, Trommeln, sowie mit kleinen Perkussionsinstrumenten umzugehen. In der Mittelstufe kommt verst\u00e4rkt das Rock- und Pop-Instrumentarium hinzu. Dazu z\u00e4hlen z. B. das Keyboard, das Schlagzeug, E-Gitarre und E-Bass. Ziel unseres Musikunterrichts ist es, die Sch\u00fclerinnen und Sch\u00fcler in ihrem Rhythmusempfinden zu st\u00e4rken, sie in ihren musisch-k\u00fcnstlerischen F\u00e4higkeiten zu f\u00f6rdern, ihnen ein breites Spektrum an verschiedener Musik erlebbar zu machen und ihnen Live- und B\u00fchnenerfahrungen zu erm\u00f6glichen. Deshalb werden im Laufe eines Schuljahres verschiedene St\u00fccke zusammen mit den Kindern und Jugendlichen erarbeitet, mit dem Ziel, diese bei unseren Konzerten im Sommer und im Winter vor Publikum aufzuf\u00fchren.&nbsp;<\/p>\n<p><iframe loading=\"lazy\" src=\"\/\/www.youtube.com\/embed\/pJuvwL3-78c\" width=\"560\" height=\"314\" allowfullscreen=\"allowfullscreen\"><\/iframe><\/p>\n<p><span style=\"font-size: 10px\">Durch das Starten des Videos, willigen Sie ein, dass ein Cookie gesetzt und Daten an Youtube \u00fcbermittelt werden. Weitere Informationen dazu finden Sie in der <a href=\"https:\/\/rebbz-nord.hamburg.de\/?page_id=585\" target=\"_blank\" rel=\"noopener noreferrer\">Datenschutzerkl\u00e4rung<\/a>.<\/span><\/p>\n<p>Die JeKI-Konzerte finden in unserer gro\u00dfen Schulaula statt, die \u00fcber Audio- und Lichttechnik, sowie \u00fcber eine gro\u00dfe B\u00fchne verf\u00fcgt. Unsere Schulveranstaltungen k\u00f6nnen deshalb \u00fcberzeugen und bei allen Beteiligten einen bleibenden Eindruck hinterlassen. Doch auch die Musikw\u00fcnsche unserer Sch\u00fclerinnen und Sch\u00fcler werden von den Lehrkr\u00e4ften aufgegriffen und im Unterricht ber\u00fccksichtigt. Zuk\u00fcnftig soll zudem das Thema \u201eMusikproduktion\u201c eine Rolle im Musikunterricht&nbsp; in der Bildungsabteilung des ReBBZ Nord, der Robert-Koch-Schule spielen.<\/p>\n","protected":false},"excerpt":{"rendered":"<p>Als JeKI-Schule unterrichten zwei Musiklehrkr\u00e4fte die Schulklassen in der Primarstufe (Klassen 1 \u2013 4), sowie in der Mittelstufe (Klassen 5 und 6). Wir verf\u00fcgen \u00fcber zwei professionell ausgestattete Musikr\u00e4ume, in denen differenziert und an unserer Sch\u00fclerschaft angepasst gearbeitet werden kann. Au\u00dferdem gibt es einen kleinen \u00dcbungsraum, in dem auch in den Pausen ge\u00fcbt werden kann. &hellip; <a href=\"https:\/\/rebbz-nord.hamburg.de\/?page_id=529\" class=\"more-link\"><span class=\"screen-reader-text\">Musik am ReBBZ Nord<\/span> weiterlesen <span class=\"meta-nav\">&rarr;<\/span><\/a><\/p>\n","protected":false},"author":721,"featured_media":0,"parent":0,"menu_order":0,"comment_status":"closed","ping_status":"closed","template":"","meta":{"_acf_changed":false,"footnotes":""},"class_list":["post-529","page","type-page","status-publish","hentry"],"acf":[],"_links":{"self":[{"href":"https:\/\/rebbz-nord.hamburg.de\/index.php?rest_route=\/wp\/v2\/pages\/529","targetHints":{"allow":["GET"]}}],"collection":[{"href":"https:\/\/rebbz-nord.hamburg.de\/index.php?rest_route=\/wp\/v2\/pages"}],"about":[{"href":"https:\/\/rebbz-nord.hamburg.de\/index.php?rest_route=\/wp\/v2\/types\/page"}],"author":[{"embeddable":true,"href":"https:\/\/rebbz-nord.hamburg.de\/index.php?rest_route=\/wp\/v2\/users\/721"}],"replies":[{"embeddable":true,"href":"https:\/\/rebbz-nord.hamburg.de\/index.php?rest_route=%2Fwp%2Fv2%2Fcomments&post=529"}],"version-history":[{"count":7,"href":"https:\/\/rebbz-nord.hamburg.de\/index.php?rest_route=\/wp\/v2\/pages\/529\/revisions"}],"predecessor-version":[{"id":1316,"href":"https:\/\/rebbz-nord.hamburg.de\/index.php?rest_route=\/wp\/v2\/pages\/529\/revisions\/1316"}],"wp:attachment":[{"href":"https:\/\/rebbz-nord.hamburg.de\/index.php?rest_route=%2Fwp%2Fv2%2Fmedia&parent=529"}],"curies":[{"name":"wp","href":"https:\/\/api.w.org\/{rel}","templated":true}]}}