{"id":569,"date":"2017-07-12T13:01:36","date_gmt":"2017-07-12T11:01:36","guid":{"rendered":"http:\/\/rebbz-nord.hamburg.de\/?page_id=569"},"modified":"2023-04-17T12:26:27","modified_gmt":"2023-04-17T10:26:27","slug":"ausserunterrichtliche-lernhilfe-aul","status":"publish","type":"page","link":"https:\/\/rebbz-nord.hamburg.de\/?page_id=569","title":{"rendered":"Au\u00dferunterrichtliche Lernhilfe (AUL)"},"content":{"rendered":"<p style=\"text-align: justify\">Auf Anfrage der Schule oder der Sorgeberechtigten pr\u00fcfen wir, ob eine Lerntherapie dazu beitragen kann, die schulischen Leistungen einer Sch\u00fclerin oder eines Sch\u00fclers im Lesen, Rechtschreiben oder Rechnen zu verbessern. Liegen die entsprechenden Voraussetzungen vor, kann die Beh\u00f6rde f\u00fcr Schule und Berufsbildung die Kosten hierf\u00fcr \u00fcbernehmen.<\/p>\n","protected":false},"excerpt":{"rendered":"<p>Auf Anfrage der Schule oder der Sorgeberechtigten pr\u00fcfen wir, ob eine Lerntherapie dazu beitragen kann, die schulischen Leistungen einer Sch\u00fclerin oder eines Sch\u00fclers im Lesen, Rechtschreiben oder Rechnen zu verbessern. Liegen die entsprechenden Voraussetzungen vor, kann die Beh\u00f6rde f\u00fcr Schule und Berufsbildung die Kosten hierf\u00fcr \u00fcbernehmen.<\/p>\n","protected":false},"author":646,"featured_media":0,"parent":0,"menu_order":0,"comment_status":"closed","ping_status":"closed","template":"","meta":{"_acf_changed":false,"footnotes":""},"class_list":["post-569","page","type-page","status-publish","hentry"],"acf":[],"_links":{"self":[{"href":"https:\/\/rebbz-nord.hamburg.de\/index.php?rest_route=\/wp\/v2\/pages\/569","targetHints":{"allow":["GET"]}}],"collection":[{"href":"https:\/\/rebbz-nord.hamburg.de\/index.php?rest_route=\/wp\/v2\/pages"}],"about":[{"href":"https:\/\/rebbz-nord.hamburg.de\/index.php?rest_route=\/wp\/v2\/types\/page"}],"author":[{"embeddable":true,"href":"https:\/\/rebbz-nord.hamburg.de\/index.php?rest_route=\/wp\/v2\/users\/646"}],"replies":[{"embeddable":true,"href":"https:\/\/rebbz-nord.hamburg.de\/index.php?rest_route=%2Fwp%2Fv2%2Fcomments&post=569"}],"version-history":[{"count":1,"href":"https:\/\/rebbz-nord.hamburg.de\/index.php?rest_route=\/wp\/v2\/pages\/569\/revisions"}],"predecessor-version":[{"id":1259,"href":"https:\/\/rebbz-nord.hamburg.de\/index.php?rest_route=\/wp\/v2\/pages\/569\/revisions\/1259"}],"wp:attachment":[{"href":"https:\/\/rebbz-nord.hamburg.de\/index.php?rest_route=%2Fwp%2Fv2%2Fmedia&parent=569"}],"curies":[{"name":"wp","href":"https:\/\/api.w.org\/{rel}","templated":true}]}}