{"id":573,"date":"2017-07-12T13:17:38","date_gmt":"2017-07-12T11:17:38","guid":{"rendered":"http:\/\/rebbz-nord.hamburg.de\/?page_id=573"},"modified":"2017-07-12T13:17:38","modified_gmt":"2017-07-12T11:17:38","slug":"absentismus","status":"publish","type":"page","link":"https:\/\/rebbz-nord.hamburg.de\/?page_id=573","title":{"rendered":"Absentismus"},"content":{"rendered":"<p style=\"text-align: justify\">Eine Voraussetzung f\u00fcr erfolgreiches Lernen in der Schule ist die regelm\u00e4\u00dfige Teilnahme am Unterricht. Wenn Fehlzeiten einzelner Sch\u00fclerinnen und Sch\u00fcler \u00fcberhand nehmen und Schulen oder Eltern \/ Sorgeberechtigte mit ihren M\u00f6glichkeiten nicht mehr weiterkommen, wird unsere Beratungsabteilung einbezogen, um den Ursachen f\u00fcr den unregelm\u00e4\u00dfigen Schulbesuch auf den Grund zu gehen. F\u00fcr das Fernbleiben vom Unterricht kann es unterschiedliche Gr\u00fcnde geben, z. B. \u00dcberforderung, Versagens\u00e4ngste, Ausgrenzung oder Vermeidung.\u00a0 Hier setzten wir an und versuchen mit allen Beteiligten,\u00a0 L\u00f6sungswege zu finden.<\/p>\n<p style=\"text-align: justify\">Wichtig ist, sich m\u00f6glichst fr\u00fchzeitig an die Beratungsabteilung zu wenden und nicht erst, wenn sich das \u201eSchw\u00e4nzen\u201c verfestigt hat, denn dann sind die Aussichten am besten, den Wiedereinstieg in das Lernen in der Schule zu erm\u00f6glichen<\/p>\n","protected":false},"excerpt":{"rendered":"<p>Eine Voraussetzung f\u00fcr erfolgreiches Lernen in der Schule ist die regelm\u00e4\u00dfige Teilnahme am Unterricht. Wenn Fehlzeiten einzelner Sch\u00fclerinnen und Sch\u00fcler \u00fcberhand nehmen und Schulen oder Eltern \/ Sorgeberechtigte mit ihren M\u00f6glichkeiten nicht mehr weiterkommen, wird unsere Beratungsabteilung einbezogen, um den Ursachen f\u00fcr den unregelm\u00e4\u00dfigen Schulbesuch auf den Grund zu gehen. F\u00fcr das Fernbleiben vom Unterricht &hellip; <a href=\"https:\/\/rebbz-nord.hamburg.de\/?page_id=573\" class=\"more-link\"><span class=\"screen-reader-text\">Absentismus<\/span> weiterlesen <span class=\"meta-nav\">&rarr;<\/span><\/a><\/p>\n","protected":false},"author":646,"featured_media":0,"parent":0,"menu_order":0,"comment_status":"closed","ping_status":"closed","template":"","meta":{"_acf_changed":false,"footnotes":""},"class_list":["post-573","page","type-page","status-publish","hentry"],"acf":[],"_links":{"self":[{"href":"https:\/\/rebbz-nord.hamburg.de\/index.php?rest_route=\/wp\/v2\/pages\/573","targetHints":{"allow":["GET"]}}],"collection":[{"href":"https:\/\/rebbz-nord.hamburg.de\/index.php?rest_route=\/wp\/v2\/pages"}],"about":[{"href":"https:\/\/rebbz-nord.hamburg.de\/index.php?rest_route=\/wp\/v2\/types\/page"}],"author":[{"embeddable":true,"href":"https:\/\/rebbz-nord.hamburg.de\/index.php?rest_route=\/wp\/v2\/users\/646"}],"replies":[{"embeddable":true,"href":"https:\/\/rebbz-nord.hamburg.de\/index.php?rest_route=%2Fwp%2Fv2%2Fcomments&post=573"}],"version-history":[{"count":0,"href":"https:\/\/rebbz-nord.hamburg.de\/index.php?rest_route=\/wp\/v2\/pages\/573\/revisions"}],"wp:attachment":[{"href":"https:\/\/rebbz-nord.hamburg.de\/index.php?rest_route=%2Fwp%2Fv2%2Fmedia&parent=573"}],"curies":[{"name":"wp","href":"https:\/\/api.w.org\/{rel}","templated":true}]}}