{"id":575,"date":"2017-07-12T13:26:35","date_gmt":"2017-07-12T11:26:35","guid":{"rendered":"http:\/\/rebbz-nord.hamburg.de\/?page_id=575"},"modified":"2017-07-12T13:26:35","modified_gmt":"2017-07-12T11:26:35","slug":"kinderschutz","status":"publish","type":"page","link":"https:\/\/rebbz-nord.hamburg.de\/?page_id=575","title":{"rendered":"Kinderschutz"},"content":{"rendered":"<p><span style=\"color: #000000;font-family: Calibri\">Die Moderatorinnen und Moderatoren f\u00fcr Kinderschutz in den ReBBZ bilden in Kooperation mit den Kinderschutzzentren und der Beratungsstelle Gewaltpr\u00e4vention schulische Kinderschutzfachkr\u00e4fte aus, bilden sie fort und beraten sie, wenn diese ihrerseits Unterst\u00fctzung ben\u00f6tigen.<\/span><\/p>\n<p><span style=\"color: #000000;font-family: Calibri\">Schulische Kinderschutzfachkr\u00e4fte sind schulintern Ansprechpartner f\u00fcr Fragen des Kindeswohls.<\/span><\/p>\n","protected":false},"excerpt":{"rendered":"<p>Die Moderatorinnen und Moderatoren f\u00fcr Kinderschutz in den ReBBZ bilden in Kooperation mit den Kinderschutzzentren und der Beratungsstelle Gewaltpr\u00e4vention schulische Kinderschutzfachkr\u00e4fte aus, bilden sie fort und beraten sie, wenn diese ihrerseits Unterst\u00fctzung ben\u00f6tigen. Schulische Kinderschutzfachkr\u00e4fte sind schulintern Ansprechpartner f\u00fcr Fragen des Kindeswohls.<\/p>\n","protected":false},"author":646,"featured_media":0,"parent":0,"menu_order":0,"comment_status":"closed","ping_status":"closed","template":"","meta":{"_acf_changed":false,"footnotes":""},"class_list":["post-575","page","type-page","status-publish","hentry"],"acf":[],"_links":{"self":[{"href":"https:\/\/rebbz-nord.hamburg.de\/index.php?rest_route=\/wp\/v2\/pages\/575","targetHints":{"allow":["GET"]}}],"collection":[{"href":"https:\/\/rebbz-nord.hamburg.de\/index.php?rest_route=\/wp\/v2\/pages"}],"about":[{"href":"https:\/\/rebbz-nord.hamburg.de\/index.php?rest_route=\/wp\/v2\/types\/page"}],"author":[{"embeddable":true,"href":"https:\/\/rebbz-nord.hamburg.de\/index.php?rest_route=\/wp\/v2\/users\/646"}],"replies":[{"embeddable":true,"href":"https:\/\/rebbz-nord.hamburg.de\/index.php?rest_route=%2Fwp%2Fv2%2Fcomments&post=575"}],"version-history":[{"count":0,"href":"https:\/\/rebbz-nord.hamburg.de\/index.php?rest_route=\/wp\/v2\/pages\/575\/revisions"}],"wp:attachment":[{"href":"https:\/\/rebbz-nord.hamburg.de\/index.php?rest_route=%2Fwp%2Fv2%2Fmedia&parent=575"}],"curies":[{"name":"wp","href":"https:\/\/api.w.org\/{rel}","templated":true}]}}