{"id":579,"date":"2017-07-12T13:46:53","date_gmt":"2017-07-12T11:46:53","guid":{"rendered":"http:\/\/rebbz-nord.hamburg.de\/?page_id=579"},"modified":"2023-04-17T12:25:25","modified_gmt":"2023-04-17T10:25:25","slug":"sonderpaedagogische-diagnostik","status":"publish","type":"page","link":"https:\/\/rebbz-nord.hamburg.de\/?page_id=579","title":{"rendered":"Sonderp\u00e4dagogische Diagnostik"},"content":{"rendered":"<p>SONDERP\u00c4DAGOGISCHE DIAGNOSTIK UND BERATUNG<\/p>\n<p>Die sonderp\u00e4dagogischen Fachkr\u00e4fte unseres ReBBZ Nord f\u00fchren eine sonderp\u00e4dagogische Diagnostik und Beratung mit dem Ziel durch, Kindern mit sonderp\u00e4dagogischem F\u00f6rderbedarf in den Bereichen Lernen, Sprache und\/oder emotional-soziale Entwicklung eine ad\u00e4quate Teilhabe an Unterricht und Bildung zu erm\u00f6glichen.<\/p>\n<p>In enger Zusammenarbeit mit den Lehrkr\u00e4ften und den Sorgeberechtigten&nbsp; entwickeln wir Bedingungen f\u00fcr ein erfolgreiches Lernen an der Schule, wobei wir zun\u00e4chst die Diagnostik durch die Sonderp\u00e4dagoginnen und Sonderp\u00e4dagogen an den allgemeinen Schulen unterst\u00fctzen und begleiten. Dabei haben wir die gesamte Entwicklung des Kindes im Blick.<\/p>\n<p>Au\u00dferdem kooperieren wir mit den speziellen Sonderschulen, falls die Diagnostik eines sonderp\u00e4dagogischen F\u00f6rderbedarfes in den Bereichen K\u00f6rperlich-motorische Entwicklung, Geistige Entwicklung, H\u00f6ren und Kommunikation oder Sehen notwendig wird. Auch f\u00fcr die sonderp\u00e4dagogische Diagnostik bei einer vorliegenden Autismus-Spektrum St\u00f6rung sind wir Kooperationspartner. Die sonderp\u00e4dagogische Diagnostik und Beratung f\u00fcr die Schulen in freier Tr\u00e4gerschaft und die Gymnasien z\u00e4hlen ebenfalls zu unseren Aufgabenfeldern.<\/p>\n<p>Am Ende eines gemeinsamen Beratungsprozesses entscheiden die Sorgeberechtigten, welche Schulform ihr Kind besuchen soll: eine allgemeine Schule, die Bildungsabteilung des ReBBZ oder bei Bedarf auch eine spezielle Sonderschule.<\/p>\n<p>Besonders wichtig sind uns die Information und die Beratung von Eltern \/ Sorgeberechtigten. Wenn Sie sich zum Thema sonderp\u00e4dagogische Diagnostik und Beratung Fragen haben, wenden Sie sich gern an uns.<\/p>\n<p>Weitere Informationen finden Sie auch hier:<\/p>\n<p><a href=\"http:\/\/www.hamburg.de\/inklusion-schule\">www.hamburg.de\/inklusion-schule<\/a><\/p>\n","protected":false},"excerpt":{"rendered":"<p>SONDERP\u00c4DAGOGISCHE DIAGNOSTIK UND BERATUNG Die sonderp\u00e4dagogischen Fachkr\u00e4fte unseres ReBBZ Nord f\u00fchren eine sonderp\u00e4dagogische Diagnostik und Beratung mit dem Ziel durch, Kindern mit sonderp\u00e4dagogischem F\u00f6rderbedarf in den Bereichen Lernen, Sprache und\/oder emotional-soziale Entwicklung eine ad\u00e4quate Teilhabe an Unterricht und Bildung zu erm\u00f6glichen. In enger Zusammenarbeit mit den Lehrkr\u00e4ften und den Sorgeberechtigten&nbsp; entwickeln wir Bedingungen f\u00fcr ein &hellip; <a href=\"https:\/\/rebbz-nord.hamburg.de\/?page_id=579\" class=\"more-link\"><span class=\"screen-reader-text\">Sonderp\u00e4dagogische Diagnostik<\/span> weiterlesen <span class=\"meta-nav\">&rarr;<\/span><\/a><\/p>\n","protected":false},"author":646,"featured_media":0,"parent":0,"menu_order":0,"comment_status":"closed","ping_status":"closed","template":"","meta":{"_acf_changed":false,"footnotes":""},"class_list":["post-579","page","type-page","status-publish","hentry"],"acf":[],"_links":{"self":[{"href":"https:\/\/rebbz-nord.hamburg.de\/index.php?rest_route=\/wp\/v2\/pages\/579","targetHints":{"allow":["GET"]}}],"collection":[{"href":"https:\/\/rebbz-nord.hamburg.de\/index.php?rest_route=\/wp\/v2\/pages"}],"about":[{"href":"https:\/\/rebbz-nord.hamburg.de\/index.php?rest_route=\/wp\/v2\/types\/page"}],"author":[{"embeddable":true,"href":"https:\/\/rebbz-nord.hamburg.de\/index.php?rest_route=\/wp\/v2\/users\/646"}],"replies":[{"embeddable":true,"href":"https:\/\/rebbz-nord.hamburg.de\/index.php?rest_route=%2Fwp%2Fv2%2Fcomments&post=579"}],"version-history":[{"count":3,"href":"https:\/\/rebbz-nord.hamburg.de\/index.php?rest_route=\/wp\/v2\/pages\/579\/revisions"}],"predecessor-version":[{"id":1257,"href":"https:\/\/rebbz-nord.hamburg.de\/index.php?rest_route=\/wp\/v2\/pages\/579\/revisions\/1257"}],"wp:attachment":[{"href":"https:\/\/rebbz-nord.hamburg.de\/index.php?rest_route=%2Fwp%2Fv2%2Fmedia&parent=579"}],"curies":[{"name":"wp","href":"https:\/\/api.w.org\/{rel}","templated":true}]}}