{"id":682,"date":"2020-09-27T18:59:23","date_gmt":"2020-09-27T16:59:23","guid":{"rendered":"https:\/\/rebbz-nord.hamburg.de\/?page_id=682"},"modified":"2020-09-27T19:05:13","modified_gmt":"2020-09-27T17:05:13","slug":"unser-inselkonzept-die-galaxy","status":"publish","type":"page","link":"https:\/\/rebbz-nord.hamburg.de\/?page_id=682","title":{"rendered":"Unser Inselkonzept &#8211; die \u201eGalaxy\u201c"},"content":{"rendered":"<p><strong>\u00a0 Unser Inselkonzept \u2013Die \u201eGalaxy\u201c<\/strong><br \/>\nDas Inselkonzept ist ein p\u00e4dagogisches Angebot, welches <strong><img loading=\"lazy\" decoding=\"async\" class=\"size-medium wp-image-687 alignleft\" src=\"https:\/\/rebbz-nord.hamburg.de\/wp-content\/uploads\/sites\/673\/2020\/09\/Galaxy1-300x225.jpg\" alt=\"\" width=\"300\" height=\"225\" srcset=\"https:\/\/rebbz-nord.hamburg.de\/wp-content\/uploads\/sites\/673\/2020\/09\/Galaxy1-300x225.jpg 300w, https:\/\/rebbz-nord.hamburg.de\/wp-content\/uploads\/sites\/673\/2020\/09\/Galaxy1-768x576.jpg 768w, https:\/\/rebbz-nord.hamburg.de\/wp-content\/uploads\/sites\/673\/2020\/09\/Galaxy1.jpg 976w\" sizes=\"auto, (max-width: 300px) 100vw, 300px\" \/><\/strong>sich grunds\u00e4tzlich an all unsere Sch\u00fcler und Sch\u00fclerinnen richtet.<br \/>\nDie Galaxy ist ein unterrichtsfreier Raum, der von Montag &#8211; Freitag immer in der 2., 3. und 4. Stunde von unseren Sch\u00fclern und Sch\u00fclerinnen mit einer Eintrittskarte vom jeweiligen Klassen- bzw.- Fachlehrer genutzt werden kann. Die Besetzung erfolgt durch drei P\u00e4dagoginnen, welche immer ein offenes Ohr f\u00fcr die Sch\u00fcler und Sch\u00fclerinnen haben und bei Bedarf mit ihnen gemeinsam Konflikte und Probleme aufarbeiten.<br \/>\nDie Kinder haben dar\u00fcber abgestimmt, dass die Insel an unserer Schule als \u201eGalaxy\u201c bezeichnet werden soll.<\/p>\n<p><strong>Nutzungsm\u00f6glichkeiten der Galaxy<\/strong><br \/>\n\u2022 Die Galaxy ist ein Ort, an dem man gut zur Ruhe kommen kann, wenn es mit der Konzentration im Unterricht mal gar nicht klappt.<br \/>\n\u2022 Manchmal brauchen unsere Sch\u00fcler und Sch\u00fclerinnen einfach eine Auszeit, um runter k\u00fchlen zu k\u00f6nnen, weil sie aufgrund von vorherigen Konflikten sehr w\u00fctend oder traurig sind.<br \/>\n\u2022 Zudem ist es m\u00f6glich, sich einen Besuch in der Galaxy zu \u201everdienen\u201c, indem man zuvor besonders gut im Unterricht mitgearbeitet hat.<strong><img loading=\"lazy\" decoding=\"async\" class=\"size-medium wp-image-688 alignright\" src=\"https:\/\/rebbz-nord.hamburg.de\/wp-content\/uploads\/sites\/673\/2020\/09\/Galaxy2-300x225.jpg\" alt=\"\" width=\"300\" height=\"225\" srcset=\"https:\/\/rebbz-nord.hamburg.de\/wp-content\/uploads\/sites\/673\/2020\/09\/Galaxy2-300x225.jpg 300w, https:\/\/rebbz-nord.hamburg.de\/wp-content\/uploads\/sites\/673\/2020\/09\/Galaxy2-1024x768.jpg 1024w, https:\/\/rebbz-nord.hamburg.de\/wp-content\/uploads\/sites\/673\/2020\/09\/Galaxy2-768x576.jpg 768w, https:\/\/rebbz-nord.hamburg.de\/wp-content\/uploads\/sites\/673\/2020\/09\/Galaxy2.jpg 1036w\" sizes=\"auto, (max-width: 300px) 100vw, 300px\" \/><\/strong><br \/>\n\u2022 Brauchen Sch\u00fcler und Sch\u00fclerinnen besonders h\u00e4ufig Unterst\u00fctzung, k\u00f6nnen in Absprache mit den Lehrkr\u00e4ften auch regelm\u00e4\u00dfige Termine verabredet werden.<\/p>\n<p><strong>R\u00e4umlichkeiten<\/strong><br \/>\n\u2022 Im ersten Raum kann gemalt, gebastelt, Billard sowie Gesellschaftsspiele gespielt werden. Zudem haben unsere Sch\u00fcler und Sch\u00fclerinnen die M\u00f6glichkeit sich in der Sofa-Ecke oder in der Sitzsack-Ecke auszuruhen.<br \/>\n\u2022 Im dazugeh\u00f6rigen Bewegungsraum kann man sich sowohl austoben, als auch den R\u00fcckzug in die Polsterecke w\u00e4hlen, um zu entspannen.<strong><img loading=\"lazy\" decoding=\"async\" class=\"size-medium wp-image-689 alignright\" src=\"https:\/\/rebbz-nord.hamburg.de\/wp-content\/uploads\/sites\/673\/2020\/09\/Galaxy3-300x225.jpg\" alt=\"\" width=\"300\" height=\"225\" srcset=\"https:\/\/rebbz-nord.hamburg.de\/wp-content\/uploads\/sites\/673\/2020\/09\/Galaxy3-300x225.jpg 300w, https:\/\/rebbz-nord.hamburg.de\/wp-content\/uploads\/sites\/673\/2020\/09\/Galaxy3-1024x768.jpg 1024w, https:\/\/rebbz-nord.hamburg.de\/wp-content\/uploads\/sites\/673\/2020\/09\/Galaxy3-768x576.jpg 768w, https:\/\/rebbz-nord.hamburg.de\/wp-content\/uploads\/sites\/673\/2020\/09\/Galaxy3.jpg 1274w\" sizes=\"auto, (max-width: 300px) 100vw, 300px\" \/><\/strong><\/p>\n<p><strong>Das Pausenangebot<\/strong><br \/>\nDie Galaxy kann in den Pausen von allen Sch\u00fclern und Sch\u00fclerinnen ohne Eintrittskarte genutzt werden. Es gibt sowohl ein offenes Angebot als auch wechselnde kreativ-k\u00fcnstlerische Angebote sowie unterschiedliche Spielangebote.<\/p>\n","protected":false},"excerpt":{"rendered":"<p>\u00a0 Unser Inselkonzept \u2013Die \u201eGalaxy\u201c Das Inselkonzept ist ein p\u00e4dagogisches Angebot, welches sich grunds\u00e4tzlich an all unsere Sch\u00fcler und Sch\u00fclerinnen richtet. Die Galaxy ist ein unterrichtsfreier Raum, der von Montag &#8211; Freitag immer in der 2., 3. und 4. Stunde von unseren Sch\u00fclern und Sch\u00fclerinnen mit einer Eintrittskarte vom jeweiligen Klassen- bzw.- Fachlehrer genutzt werden &hellip; <a href=\"https:\/\/rebbz-nord.hamburg.de\/?page_id=682\" class=\"more-link\"><span class=\"screen-reader-text\">Unser Inselkonzept &#8211; die \u201eGalaxy\u201c<\/span> weiterlesen <span class=\"meta-nav\">&rarr;<\/span><\/a><\/p>\n","protected":false},"author":1307,"featured_media":0,"parent":0,"menu_order":0,"comment_status":"closed","ping_status":"closed","template":"","meta":{"_acf_changed":false,"footnotes":""},"class_list":["post-682","page","type-page","status-publish","hentry"],"acf":[],"_links":{"self":[{"href":"https:\/\/rebbz-nord.hamburg.de\/index.php?rest_route=\/wp\/v2\/pages\/682","targetHints":{"allow":["GET"]}}],"collection":[{"href":"https:\/\/rebbz-nord.hamburg.de\/index.php?rest_route=\/wp\/v2\/pages"}],"about":[{"href":"https:\/\/rebbz-nord.hamburg.de\/index.php?rest_route=\/wp\/v2\/types\/page"}],"author":[{"embeddable":true,"href":"https:\/\/rebbz-nord.hamburg.de\/index.php?rest_route=\/wp\/v2\/users\/1307"}],"replies":[{"embeddable":true,"href":"https:\/\/rebbz-nord.hamburg.de\/index.php?rest_route=%2Fwp%2Fv2%2Fcomments&post=682"}],"version-history":[{"count":5,"href":"https:\/\/rebbz-nord.hamburg.de\/index.php?rest_route=\/wp\/v2\/pages\/682\/revisions"}],"predecessor-version":[{"id":692,"href":"https:\/\/rebbz-nord.hamburg.de\/index.php?rest_route=\/wp\/v2\/pages\/682\/revisions\/692"}],"wp:attachment":[{"href":"https:\/\/rebbz-nord.hamburg.de\/index.php?rest_route=%2Fwp%2Fv2%2Fmedia&parent=682"}],"curies":[{"name":"wp","href":"https:\/\/api.w.org\/{rel}","templated":true}]}}