{"id":776,"date":"2020-10-23T13:56:21","date_gmt":"2020-10-23T11:56:21","guid":{"rendered":"https:\/\/rebbz-nord.hamburg.de\/?page_id=776"},"modified":"2026-01-12T11:43:41","modified_gmt":"2026-01-12T10:43:41","slug":"logopaedie-im-rebbz-nord","status":"publish","type":"page","link":"https:\/\/rebbz-nord.hamburg.de\/?page_id=776","title":{"rendered":"Logop\u00e4die im ReBBZ Nord"},"content":{"rendered":"<p>Jede Woche kommen zwei Logop\u00e4dinnen der Praxis&nbsp;Logop\u00e4die Eppendorfer Baum (<a href=\"https:\/\/logo-eb.de\/\" target=\"_blank\" rel=\"noopener noreferrer\">https:\/\/logo-eb.de<\/a>) und f\u00fchren Logop\u00e4die&nbsp;in den R\u00e4umen unserer Schule durch. Wenn Ihr Kind Logop\u00e4die ben\u00f6tigt, k\u00f6nnen Sie es daf\u00fcr anmelden, egal in welcher Klassenstufe sich Ihr Kind befindet. Durch die Behandlung am Vormittag in der Schule ist ein enger Austausch mit den Lehrkr\u00e4ften m\u00f6glich.<\/p>\n<p>Soll ein Kind unserer Schule Logop\u00e4die erhalten, so ist ein Rezept von Arzt oder \u00c4rztin erforderlich. Bitte sprechen Sie vor dem Ausstellen des Rezeptes mit der Schule ab, ob es einen freien Platz f\u00fcr die Logop\u00e4die gibt.<\/p>\n","protected":false},"excerpt":{"rendered":"<p>Jede Woche kommen zwei Logop\u00e4dinnen der Praxis&nbsp;Logop\u00e4die Eppendorfer Baum (https:\/\/logo-eb.de) und f\u00fchren Logop\u00e4die&nbsp;in den R\u00e4umen unserer Schule durch. Wenn Ihr Kind Logop\u00e4die ben\u00f6tigt, k\u00f6nnen Sie es daf\u00fcr anmelden, egal in welcher Klassenstufe sich Ihr Kind befindet. Durch die Behandlung am Vormittag in der Schule ist ein enger Austausch mit den Lehrkr\u00e4ften m\u00f6glich. Soll ein Kind &hellip; <a href=\"https:\/\/rebbz-nord.hamburg.de\/?page_id=776\" class=\"more-link\"><span class=\"screen-reader-text\">Logop\u00e4die im ReBBZ Nord<\/span> weiterlesen <span class=\"meta-nav\">&rarr;<\/span><\/a><\/p>\n","protected":false},"author":1307,"featured_media":0,"parent":0,"menu_order":0,"comment_status":"closed","ping_status":"closed","template":"","meta":{"_acf_changed":false,"footnotes":""},"class_list":["post-776","page","type-page","status-publish","hentry"],"acf":[],"_links":{"self":[{"href":"https:\/\/rebbz-nord.hamburg.de\/index.php?rest_route=\/wp\/v2\/pages\/776","targetHints":{"allow":["GET"]}}],"collection":[{"href":"https:\/\/rebbz-nord.hamburg.de\/index.php?rest_route=\/wp\/v2\/pages"}],"about":[{"href":"https:\/\/rebbz-nord.hamburg.de\/index.php?rest_route=\/wp\/v2\/types\/page"}],"author":[{"embeddable":true,"href":"https:\/\/rebbz-nord.hamburg.de\/index.php?rest_route=\/wp\/v2\/users\/1307"}],"replies":[{"embeddable":true,"href":"https:\/\/rebbz-nord.hamburg.de\/index.php?rest_route=%2Fwp%2Fv2%2Fcomments&post=776"}],"version-history":[{"count":4,"href":"https:\/\/rebbz-nord.hamburg.de\/index.php?rest_route=\/wp\/v2\/pages\/776\/revisions"}],"predecessor-version":[{"id":1701,"href":"https:\/\/rebbz-nord.hamburg.de\/index.php?rest_route=\/wp\/v2\/pages\/776\/revisions\/1701"}],"wp:attachment":[{"href":"https:\/\/rebbz-nord.hamburg.de\/index.php?rest_route=%2Fwp%2Fv2%2Fmedia&parent=776"}],"curies":[{"name":"wp","href":"https:\/\/api.w.org\/{rel}","templated":true}]}}