{"id":779,"date":"2020-10-27T10:25:38","date_gmt":"2020-10-27T09:25:38","guid":{"rendered":"https:\/\/rebbz-nord.hamburg.de\/?page_id=779"},"modified":"2023-03-30T18:36:56","modified_gmt":"2023-03-30T16:36:56","slug":"vsk-unsere-vorschulklasse","status":"publish","type":"page","link":"https:\/\/rebbz-nord.hamburg.de\/?page_id=779","title":{"rendered":"Willkommen in unserer Vorschule!"},"content":{"rendered":"<p>Die Grundlage der p\u00e4dagogischen Arbeit sind der <strong><a href=\"https:\/\/www.hamburg.de\/contentblob\/14016410\/638e58e262afe9adc9e105e69c4ddabe\/data\/bildungsprogramm-vorschule.pdf\" target=\"_blank\" rel=\"noopener noreferrer\">Bildungsplan<\/a> <\/strong>und die Richtlinien der Beh\u00f6rde f\u00fcr Schule und Berufsbildung f\u00fcr die Bildung und Erziehung in Vorschulklassen.<\/p>\n<p>Das Vorschuljahr bietet den Kindern die M\u00f6glichkeit, spielerisch an die Lern- und Unterrichtsformen der Grundschule herangef\u00fchrt zu werden. Ein wichtiges Ziel ist es zun\u00e4chst, das Kind dazu zu bef\u00e4higen, sich in einer sozialen Gruppe zurecht zu finden und sich wohl zu f\u00fchlen. Damit dies gelingen kann, nehmen wir uns auch Zeit, um eine vertrauensvolle Zusammenarbeit mit den Sorgeberechtigten zu entwickeln. <img loading=\"lazy\" decoding=\"async\" class=\"size-medium wp-image-965 aligncenter\" src=\"https:\/\/rebbz-nord.hamburg.de\/wp-content\/uploads\/sites\/673\/2021\/10\/IMG_9834-300x225.jpeg\" alt=\"\" width=\"300\" height=\"225\" srcset=\"https:\/\/rebbz-nord.hamburg.de\/wp-content\/uploads\/sites\/673\/2021\/10\/IMG_9834-300x225.jpeg 300w, https:\/\/rebbz-nord.hamburg.de\/wp-content\/uploads\/sites\/673\/2021\/10\/IMG_9834.jpeg 640w\" sizes=\"auto, (max-width: 300px) 100vw, 300px\" \/><\/p>\n<p>In einer stabilen, kleinen Lerngruppe von bis zu 12 Kindern im Alter von 5-7 Jahren, werden Geborgenheit vermittelt und emotionale Bindungen und Lernmotivation aufgebaut.<\/p>\n<p>Ziel der Vorschularbeit ist es, die Kinder auf den schulischen Alltag vorzubereiten, sie in das Leben der Schule hineinwachsen zu lassen und jedes Kind bestm\u00f6glich zu f\u00f6rdern mit dem besonderen Schwerpunkt auf die Sprache. Der Klasse stehen gro\u00dfz\u00fcgige R\u00e4ume, eine kleine Bibliothek mit ansprechenden Bilderb\u00fcchern mit hohem Aufforderungscharakter zur Verf\u00fcgung. Fantasievolles Spielmaterial fordern die Kinder zum Rollenspiel auf und zum Sprechen. Den Kindern stehen ebenso Computerarbeitspl\u00e4tze mit Lernprogrammen der Schule und vielf\u00e4ltiges Arbeits- und Lernmaterial zur Verf\u00fcgung.<\/p>\n<p><strong>Die Kinder kommen mit unterschiedlichen F\u00e4higkeiten und Interessen in die Vorschule. Es ist uns wichtig diese St\u00e4rken zu erkennen und wertzusch\u00e4tzen. <\/strong><\/p>\n<p><strong>&nbsp;<\/strong>Wir gehen auf die individuellen Lebenssituationen der Kinder ein. Unsere Aufgabe besteht darin, differenziert und individuell den Entwicklungsstand des jeweiligen Kindes zu erfassen und es hinsichtlich seiner F\u00e4higkeiten zu f\u00f6rdern oder zu fordern. Ein multiprofessionelles Team unterst\u00fctzt uns dabei mit einem besonderen Blick auf das Kind.<\/p>\n<p><strong>Der Tagesablauf<\/strong><\/p>\n<p>Wir beginnen den Tag mit einem Morgenkreis, in dem erz\u00e4hlt, gesungen und gespielt wird. Auf Grundlage des W\u00fcrzburger Trainingsprogramms, gibt es hier erste \u00dcbungen um die phonologische Bewusstheit der Kinder zu trainieren und das Sprachbewusstsein zu f\u00f6rdern. Mit einem Programm von Beigel\/Gr\u00f6nemeyer \u201eKinder im Gleichgewicht\u201c,&nbsp; bewegen wir uns gemeinsam mit gezielten \u00dcbungen. Auch mathematische Vor\u00fcbungen sind ein Bestandteil im Morgenkreis.<\/p>\n<div id='gallery-1' class='gallery galleryid-779 gallery-columns-3 gallery-size-thumbnail'><figure class='gallery-item'>\n\t\t\t<div class='gallery-icon landscape'>\n\t\t\t\t<img loading=\"lazy\" decoding=\"async\" id=\"bsb-copyright-img-1\" width=\"150\" height=\"150\" src=\"https:\/\/rebbz-nord.hamburg.de\/wp-content\/uploads\/sites\/673\/2021\/10\/IMG_9834-150x150.jpeg\" class=\"attachment-thumbnail size-thumbnail\" alt=\"\" \/><a class=\"bsb-media-copyright-link\" id=\"bsb-copyright-reflink-1\" href=\"#bsb-copyright-ref-1\" title=\"BSB\">\u00a9 1<\/a>\n\t\t\t<\/div><\/figure><figure class='gallery-item'>\n\t\t\t<div class='gallery-icon landscape'>\n\t\t\t\t<img loading=\"lazy\" decoding=\"async\" id=\"bsb-copyright-img-2\" width=\"150\" height=\"150\" src=\"https:\/\/rebbz-nord.hamburg.de\/wp-content\/uploads\/sites\/673\/2021\/10\/IMG_9973-150x150.jpg\" class=\"attachment-thumbnail size-thumbnail\" alt=\"\" \/><a class=\"bsb-media-copyright-link\" id=\"bsb-copyright-reflink-2\" href=\"#bsb-copyright-ref-2\" title=\"BSB\">\u00a9 2<\/a>\n\t\t\t<\/div><\/figure><figure class='gallery-item'>\n\t\t\t<div class='gallery-icon landscape'>\n\t\t\t\t<img loading=\"lazy\" decoding=\"async\" id=\"bsb-copyright-img-3\" width=\"150\" height=\"150\" src=\"https:\/\/rebbz-nord.hamburg.de\/wp-content\/uploads\/sites\/673\/2021\/10\/IMG_9933-150x150.jpg\" class=\"attachment-thumbnail size-thumbnail\" alt=\"\" \/><a class=\"bsb-media-copyright-link\" id=\"bsb-copyright-reflink-3\" href=\"#bsb-copyright-ref-3\" title=\"BSB\">\u00a9 3<\/a>\n\t\t\t<\/div><\/figure><figure class='gallery-item'>\n\t\t\t<div class='gallery-icon landscape'>\n\t\t\t\t<img loading=\"lazy\" decoding=\"async\" id=\"bsb-copyright-img-4\" width=\"150\" height=\"150\" src=\"https:\/\/rebbz-nord.hamburg.de\/wp-content\/uploads\/sites\/673\/2021\/10\/IMG_9932-150x150.jpg\" class=\"attachment-thumbnail size-thumbnail\" alt=\"\" \/><a class=\"bsb-media-copyright-link\" id=\"bsb-copyright-reflink-4\" href=\"#bsb-copyright-ref-4\" title=\"BSB\">\u00a9 4<\/a>\n\t\t\t<\/div><\/figure><figure class='gallery-item'>\n\t\t\t<div class='gallery-icon landscape'>\n\t\t\t\t<img loading=\"lazy\" decoding=\"async\" id=\"bsb-copyright-img-5\" width=\"150\" height=\"150\" src=\"https:\/\/rebbz-nord.hamburg.de\/wp-content\/uploads\/sites\/673\/2021\/10\/IMG_9928-150x150.jpg\" class=\"attachment-thumbnail size-thumbnail\" alt=\"\" \/><a class=\"bsb-media-copyright-link\" id=\"bsb-copyright-reflink-5\" href=\"#bsb-copyright-ref-5\" title=\"BSB\">\u00a9 5<\/a>\n\t\t\t<\/div><\/figure><figure class='gallery-item'>\n\t\t\t<div class='gallery-icon portrait'>\n\t\t\t\t<img loading=\"lazy\" decoding=\"async\" id=\"bsb-copyright-img-6\" width=\"150\" height=\"150\" src=\"https:\/\/rebbz-nord.hamburg.de\/wp-content\/uploads\/sites\/673\/2021\/10\/IMG_9926-150x150.jpg\" class=\"attachment-thumbnail size-thumbnail\" alt=\"\" \/><a class=\"bsb-media-copyright-link\" id=\"bsb-copyright-reflink-6\" href=\"#bsb-copyright-ref-6\" title=\"BSB\">\u00a9 6<\/a>\n\t\t\t<\/div><\/figure><figure class='gallery-item'>\n\t\t\t<div class='gallery-icon landscape'>\n\t\t\t\t<img loading=\"lazy\" decoding=\"async\" id=\"bsb-copyright-img-7\" width=\"150\" height=\"150\" src=\"https:\/\/rebbz-nord.hamburg.de\/wp-content\/uploads\/sites\/673\/2021\/10\/IMG_9918-150x150.jpg\" class=\"attachment-thumbnail size-thumbnail\" alt=\"\" \/><a class=\"bsb-media-copyright-link\" id=\"bsb-copyright-reflink-7\" href=\"#bsb-copyright-ref-7\" title=\"BSB\">\u00a9 7<\/a>\n\t\t\t<\/div><\/figure><figure class='gallery-item'>\n\t\t\t<div class='gallery-icon portrait'>\n\t\t\t\t<img loading=\"lazy\" decoding=\"async\" id=\"bsb-copyright-img-8\" width=\"150\" height=\"150\" src=\"https:\/\/rebbz-nord.hamburg.de\/wp-content\/uploads\/sites\/673\/2021\/10\/IMG_9912-150x150.jpg\" class=\"attachment-thumbnail size-thumbnail\" alt=\"\" \/><a class=\"bsb-media-copyright-link\" id=\"bsb-copyright-reflink-8\" href=\"#bsb-copyright-ref-8\" title=\"BSB\">\u00a9 8<\/a>\n\t\t\t<\/div><\/figure><figure class='gallery-item'>\n\t\t\t<div class='gallery-icon landscape'>\n\t\t\t\t<img loading=\"lazy\" decoding=\"async\" id=\"bsb-copyright-img-9\" width=\"150\" height=\"150\" src=\"https:\/\/rebbz-nord.hamburg.de\/wp-content\/uploads\/sites\/673\/2021\/10\/IMG_9837-150x150.jpg\" class=\"attachment-thumbnail size-thumbnail\" alt=\"\" \/><a class=\"bsb-media-copyright-link\" id=\"bsb-copyright-reflink-9\" href=\"#bsb-copyright-ref-9\" title=\"BSB\">\u00a9 9<\/a>\n\t\t\t<\/div><\/figure><figure class='gallery-item'>\n\t\t\t<div class='gallery-icon portrait'>\n\t\t\t\t<img loading=\"lazy\" decoding=\"async\" id=\"bsb-copyright-img-10\" width=\"150\" height=\"150\" src=\"https:\/\/rebbz-nord.hamburg.de\/wp-content\/uploads\/sites\/673\/2021\/10\/IMG_9818-150x150.jpg\" class=\"attachment-thumbnail size-thumbnail\" alt=\"\" \/><a class=\"bsb-media-copyright-link\" id=\"bsb-copyright-reflink-10\" href=\"#bsb-copyright-ref-10\" title=\"BSB\">\u00a9 10<\/a>\n\t\t\t<\/div><\/figure><figure class='gallery-item'>\n\t\t\t<div class='gallery-icon portrait'>\n\t\t\t\t<img loading=\"lazy\" decoding=\"async\" id=\"bsb-copyright-img-11\" width=\"150\" height=\"150\" src=\"https:\/\/rebbz-nord.hamburg.de\/wp-content\/uploads\/sites\/673\/2021\/10\/IMG_9648-150x150.jpg\" class=\"attachment-thumbnail size-thumbnail\" alt=\"\" \/><a class=\"bsb-media-copyright-link\" id=\"bsb-copyright-reflink-11\" href=\"#bsb-copyright-ref-11\" title=\"BSB\">\u00a9 11<\/a>\n\t\t\t<\/div><\/figure><figure class='gallery-item'>\n\t\t\t<div class='gallery-icon landscape'>\n\t\t\t\t<img loading=\"lazy\" decoding=\"async\" id=\"bsb-copyright-img-12\" width=\"150\" height=\"150\" src=\"https:\/\/rebbz-nord.hamburg.de\/wp-content\/uploads\/sites\/673\/2021\/10\/IMG_9612-150x150.jpg\" class=\"attachment-thumbnail size-thumbnail\" alt=\"\" \/><a class=\"bsb-media-copyright-link\" id=\"bsb-copyright-reflink-12\" href=\"#bsb-copyright-ref-12\" title=\"BSB\">\u00a9 12<\/a>\n\t\t\t<\/div><\/figure>\n\t\t<\/div>\n\n<p>Im Laufe des Tages wechseln feste Lerngebote, in denen wir Ziele und Materialien vorgeben, mit freien Einheiten, deren Inhalte die Kinder selbst bestimmen k\u00f6nnen. Die Klasse arbeitet an einem Thema (z.B. \u201eApfel\u201c oder \u201eTiere der Nacht\u201c), welches m\u00f6glichst ganzheitlich in allen F\u00e4chern aufgegriffen und mit allen Sinnen erlebt wird.<\/p>\n<p>Die Kinder erleben den Ablauf eines Tages in ihrer Vorschulklasse und verbringen die Pausen gemeinsam mit den anderen Kindern der Schule.<\/p>\n<p><strong>Lern- und Aktivit\u00e4tsbereiche<\/strong><\/p>\n<p><strong>Soziales Lernen<\/strong><\/p>\n<ul>\n<li>Sprache und Sprechen<\/li>\n<li>Bildende Kunst \/Kreativit\u00e4t<\/li>\n<li>Feinmotorik \/ Handarbeit (Weben)<\/li>\n<li>Musik\/Rhythmik<\/li>\n<li>Mathematik<\/li>\n<li>Natur und Sachkunde<\/li>\n<li>Sport und Bewegung<\/li>\n<\/ul>\n<p>Weitere Bestandteile sind das gemeinsame Fr\u00fchst\u00fcck und Mittagessen, die Psychomotorik, Die Lese- H\u00f6rkiste, Patenklassenprinzip. Experimente, Philosophieren, Es gibt Freistunden auf dem Schulhof, Jugendzahnpflege (Schulzahn\u00e4rztin), Verkehrserziehung (Polizei), Schulfeste (Sportspektakel), Kochen und Backen, Geburtstage feiern und Ausfl\u00fcge (B\u00fccherhalle).<\/p>\n<p>Mit einer Praxis f\u00fcr Ergotherapie und einer Praxis f\u00fcr Logop\u00e4die haben wir eine Kooperation. Die Praxen d\u00fcrfen unserer R\u00e4umlichkeiten nutzen und bieten auf Verschreibung mit Rezept entsprechende Therapien an. \u00dcber die jeweilige Anzahl der Therapiepl\u00e4tze kann die Schule nicht verf\u00fcgen, sondern dies liegt in der Hand der Praxen. Die Einsteuerung von Sch\u00fclerinnen und Sch\u00fclern erfolgt in Absprache zwischen Sorgeberechtigten, Schule und Praxen.<\/p>\n<p><strong>Anmeldezeiten und Unterrichtszeiten<\/strong><\/p>\n<p>Die Anmeldungen finden im Dezember bis Mitte Januar statt. Die Kinder besuchen die Vorschule Montag &#8211; Donnertag von 8:00 \u2013 13:30 und Freitag von 8:00-12:30<\/p>\n<p><strong>Anschlussbetreuung <\/strong><\/p>\n<p>Die Vorschulkinder haben die M\u00f6glichkeit von Montag &#8211; Donnerstag&nbsp; ab 13:30 Uhr weiter in unserer Schule betreut zu werden. Die Kinder verbleiben dabei im Klassenverband.&nbsp;<\/p>\n<p><strong>Gespr\u00e4che mit den Sorgeberechtigten<\/strong><\/p>\n<p>Ein wichtiger Bestandteil unserer Arbeit ist der regelm\u00e4\u00dfige Austausch mit den Sorgeberechtigten.<\/p>\n<p>Wir wollen gemeinsam mit den Sorgeberechtigten den Entwicklungs- und Bildungsprozess der Vorschulkinder unterst\u00fctzen. Mit den Kindern finden Lernentwicklungsgespr\u00e4che statt. Die Kinder sind durch Selbsteinsch\u00e4tzungsb\u00f6gen \u00fcber ihre Arbeit und ihr Befinden an der Schule direkt nachvollziehbar und kindgerecht beteiligt.<\/p>\n<p><strong>Kooperation mit der <a href=\"https:\/\/grundschule-ballerstaedtweg.hamburg.de\/vorschule\/\" target=\"_blank\" rel=\"noopener noreferrer\">Grundschule Ballerstaedtweg<\/a>&nbsp;<\/strong><\/p>\n<p>Auch Vorschulkinder, deren Stammschule die <a href=\"https:\/\/grundschule-ballerstaedtweg.hamburg.de\/vorschule\/\" target=\"_blank\" rel=\"noopener noreferrer\">Grundschule Ballerstaedtweg<\/a> ist, und die einen Sprachf\u00f6rderbedarf haben, d\u00fcrfen in unserer Vorschulklasse beschult werden. Die Kooperationskinder haben hier die M\u00f6glichkeit, in einer kleineren Vorschulklasse ihre individuellen F\u00e4higkeiten besonders im sprachlichen Bereich auszubauen. Im Folgejahr k\u00f6nnen sie an die Grundschule Ballerstaedtweg oder an eine andere Grundschule zur\u00fcckzukehren, um dort in die erste Klasse eingeschult zu werden.<\/p>\n<p><strong>So k\u00f6nnen Sie uns erreichen<\/strong><\/p>\n<p>Sollten Sie weitere Fragen zu unserer Vorschule haben, sind wir gern pers\u00f6nlich f\u00fcr Sie da:<\/p>\n<p><strong>Bildungsabteilung ReBBZ Nord<\/strong><\/p>\n<p><strong>Vorschule <\/strong>Christiane Wurch<\/p>\n<p>Sengelmannstra\u00dfe 50<br \/>\n22297 Hamburg<\/p>\n<p><strong>Telefon: 040\/ 42888410<\/strong><\/p>\n<p>Hilfe finden Sie auch hier: <a href=\"https:\/\/www.hamburg.de\/einschulung\">https:\/\/www.hamburg.de\/einschulung<\/a><\/p>\n","protected":false},"excerpt":{"rendered":"<p>Die Grundlage der p\u00e4dagogischen Arbeit sind der Bildungsplan und die Richtlinien der Beh\u00f6rde f\u00fcr Schule und Berufsbildung f\u00fcr die Bildung und Erziehung in Vorschulklassen. Das Vorschuljahr bietet den Kindern die M\u00f6glichkeit, spielerisch an die Lern- und Unterrichtsformen der Grundschule herangef\u00fchrt zu werden. Ein wichtiges Ziel ist es zun\u00e4chst, das Kind dazu zu bef\u00e4higen, sich in &hellip; <a href=\"https:\/\/rebbz-nord.hamburg.de\/?page_id=779\" class=\"more-link\"><span class=\"screen-reader-text\">Willkommen in unserer Vorschule!<\/span> weiterlesen <span class=\"meta-nav\">&rarr;<\/span><\/a><\/p>\n","protected":false},"author":1307,"featured_media":0,"parent":0,"menu_order":0,"comment_status":"closed","ping_status":"closed","template":"","meta":{"_acf_changed":false,"footnotes":""},"class_list":["post-779","page","type-page","status-publish","hentry"],"acf":[],"_links":{"self":[{"href":"https:\/\/rebbz-nord.hamburg.de\/index.php?rest_route=\/wp\/v2\/pages\/779","targetHints":{"allow":["GET"]}}],"collection":[{"href":"https:\/\/rebbz-nord.hamburg.de\/index.php?rest_route=\/wp\/v2\/pages"}],"about":[{"href":"https:\/\/rebbz-nord.hamburg.de\/index.php?rest_route=\/wp\/v2\/types\/page"}],"author":[{"embeddable":true,"href":"https:\/\/rebbz-nord.hamburg.de\/index.php?rest_route=\/wp\/v2\/users\/1307"}],"replies":[{"embeddable":true,"href":"https:\/\/rebbz-nord.hamburg.de\/index.php?rest_route=%2Fwp%2Fv2%2Fcomments&post=779"}],"version-history":[{"count":14,"href":"https:\/\/rebbz-nord.hamburg.de\/index.php?rest_route=\/wp\/v2\/pages\/779\/revisions"}],"predecessor-version":[{"id":1214,"href":"https:\/\/rebbz-nord.hamburg.de\/index.php?rest_route=\/wp\/v2\/pages\/779\/revisions\/1214"}],"wp:attachment":[{"href":"https:\/\/rebbz-nord.hamburg.de\/index.php?rest_route=%2Fwp%2Fv2%2Fmedia&parent=779"}],"curies":[{"name":"wp","href":"https:\/\/api.w.org\/{rel}","templated":true}]}}